{"id":17137,"date":"2016-12-15T13:36:46","date_gmt":"2016-12-15T12:36:46","guid":{"rendered":"https:\/\/blog.gsa-messgeraete.de\/mediciones-de-contaminantes-y-analisis\/"},"modified":"2016-12-15T13:36:46","modified_gmt":"2016-12-15T12:36:46","slug":"mediciones-de-contaminantes-y-analisis","status":"publish","type":"page","link":"https:\/\/blog.gsa-messgeraete.de\/es\/mediciones-de-contaminantes-y-analisis\/","title":{"rendered":"Mediciones de contaminantes y an\u00e1lisis"},"content":{"rendered":"<p><strong>Todo de una sola fuente de los expertos en contaminantes:<\/strong><\/p>\n<p>Colaboramos estrechamente con nuestra empresa asociada, <a href=\"https:\/\/www.gsa-ratingen.de\/en\/\">GSA Gesellschaft f\u00fcr Schadstoffanalytik mbH<\/a>. Aqu\u00ed encontrar\u00e1s un equipo competente para todas las cuestiones relacionadas con la toma de muestras y el an\u00e1lisis de contaminantes. Muchos a\u00f1os de cooperaci\u00f3n nos permiten ofrecer asesoramiento especializado. Para las mediciones utilizamos, entre otros, equipos de <a href=\"https:\/\/www.gsa-messgeraete.de\/Pagina-de-inicio\">GSA Messger\u00e4tebau<\/a> GmbH.   <\/p>\n<p><img loading=\"lazy\" decoding=\"async\" class=\"alignnone wp-image-13289 size-large\" src=\"https:\/\/blog.gsa-messgeraete.de\/wp-content\/uploads\/2025\/07\/gsa-schadstoffexperten_v3-1024x576.jpg\" alt=\"\" width=\"1024\" height=\"576\" srcset=\"https:\/\/blog.gsa-messgeraete.de\/wp-content\/uploads\/2025\/07\/gsa-schadstoffexperten_v3-1024x576.jpg 1024w, https:\/\/blog.gsa-messgeraete.de\/wp-content\/uploads\/2025\/07\/gsa-schadstoffexperten_v3-300x169.jpg 300w, https:\/\/blog.gsa-messgeraete.de\/wp-content\/uploads\/2025\/07\/gsa-schadstoffexperten_v3-768x432.jpg 768w, https:\/\/blog.gsa-messgeraete.de\/wp-content\/uploads\/2025\/07\/gsa-schadstoffexperten_v3.jpg 1300w\" sizes=\"auto, (max-width: 1024px) 100vw, 1024px\" \/><br \/>\n<strong>Asesoramiento &#8211; dispositivos y accesorios &#8211; mantenimiento &#8211; an\u00e1lisis: \u00a1todo de un mismo proveedor para tu seguridad!<\/strong><\/p>\n","protected":false},"excerpt":{"rendered":"<p>Todo de una sola fuente de los expertos en contaminantes: Colaboramos estrechamente con nuestra empresa asociada, GSA Gesellschaft f\u00fcr Schadstoffanalytik mbH. Aqu\u00ed encontrar\u00e1s un equipo competente para todas las cuestiones relacionadas con la toma de muestras y el an\u00e1lisis de contaminantes. Muchos a\u00f1os de cooperaci\u00f3n nos permiten ofrecer asesoramiento especializado. Para las mediciones utilizamos, entre &#8230; <a title=\"Mediciones de contaminantes y an\u00e1lisis\" class=\"read-more\" href=\"https:\/\/blog.gsa-messgeraete.de\/es\/mediciones-de-contaminantes-y-analisis\/\" aria-label=\"Leer m\u00e1s sobre Mediciones de contaminantes y an\u00e1lisis\">Leer m\u00e1s<\/a><\/p>\n","protected":false},"author":1,"featured_media":0,"parent":0,"menu_order":0,"comment_status":"closed","ping_status":"closed","template":"","meta":{"_exactmetrics_skip_tracking":false,"_exactmetrics_sitenote_active":false,"_exactmetrics_sitenote_note":"","_exactmetrics_sitenote_category":0,"footnotes":""},"class_list":["post-17137","page","type-page","status-publish"],"yoast_head":"<!-- This site is optimized with the Yoast SEO plugin v27.2 - https:\/\/yoast.com\/product\/yoast-seo-wordpress\/ -->\n<title>Mediciones de contaminantes y an\u00e1lisis - blog.gsa-messgeraete.de<\/title>\n<meta name=\"robots\" content=\"index, follow, max-snippet:-1, max-image-preview:large, max-video-preview:-1\" \/>\n<link rel=\"canonical\" href=\"https:\/\/blog.gsa-messgeraete.de\/es\/mediciones-de-contaminantes-y-analisis\/\" \/>\n<meta property=\"og:locale\" content=\"es_ES\" \/>\n<meta property=\"og:type\" content=\"article\" \/>\n<meta property=\"og:title\" content=\"Mediciones de contaminantes y an\u00e1lisis - blog.gsa-messgeraete.de\" \/>\n<meta property=\"og:description\" content=\"Todo de una sola fuente de los expertos en contaminantes: Colaboramos estrechamente con nuestra empresa asociada, GSA Gesellschaft f\u00fcr Schadstoffanalytik mbH. Aqu\u00ed encontrar\u00e1s un equipo competente para todas las cuestiones relacionadas con la toma de muestras y el an\u00e1lisis de contaminantes. Muchos a\u00f1os de cooperaci\u00f3n nos permiten ofrecer asesoramiento especializado. Para las mediciones utilizamos, entre ... Leer m\u00e1s\" \/>\n<meta property=\"og:url\" content=\"https:\/\/blog.gsa-messgeraete.de\/es\/mediciones-de-contaminantes-y-analisis\/\" \/>\n<meta property=\"og:site_name\" content=\"blog.gsa-messgeraete.de\" \/>\n<meta property=\"og:image\" content=\"https:\/\/blog.gsa-messgeraete.de\/wp-content\/uploads\/2025\/07\/gsa-schadstoffexperten_v3-1024x576.jpg\" \/>\n<meta name=\"twitter:card\" content=\"summary_large_image\" \/>\n<script type=\"application\/ld+json\" class=\"yoast-schema-graph\">{\"@context\":\"https:\/\/schema.org\",\"@graph\":[{\"@type\":\"WebPage\",\"@id\":\"https:\/\/blog.gsa-messgeraete.de\/es\/mediciones-de-contaminantes-y-analisis\/\",\"url\":\"https:\/\/blog.gsa-messgeraete.de\/es\/mediciones-de-contaminantes-y-analisis\/\",\"name\":\"Mediciones de contaminantes y an\u00e1lisis - blog.gsa-messgeraete.de\",\"isPartOf\":{\"@id\":\"https:\/\/blog.gsa-messgeraete.de\/es\/#website\"},\"primaryImageOfPage\":{\"@id\":\"https:\/\/blog.gsa-messgeraete.de\/es\/mediciones-de-contaminantes-y-analisis\/#primaryimage\"},\"image\":{\"@id\":\"https:\/\/blog.gsa-messgeraete.de\/es\/mediciones-de-contaminantes-y-analisis\/#primaryimage\"},\"thumbnailUrl\":\"https:\/\/blog.gsa-messgeraete.de\/wp-content\/uploads\/2025\/07\/gsa-schadstoffexperten_v3-1024x576.jpg\",\"datePublished\":\"2016-12-15T12:36:46+00:00\",\"breadcrumb\":{\"@id\":\"https:\/\/blog.gsa-messgeraete.de\/es\/mediciones-de-contaminantes-y-analisis\/#breadcrumb\"},\"inLanguage\":\"es\",\"potentialAction\":[{\"@type\":\"ReadAction\",\"target\":[\"https:\/\/blog.gsa-messgeraete.de\/es\/mediciones-de-contaminantes-y-analisis\/\"]}]},{\"@type\":\"ImageObject\",\"inLanguage\":\"es\",\"@id\":\"https:\/\/blog.gsa-messgeraete.de\/es\/mediciones-de-contaminantes-y-analisis\/#primaryimage\",\"url\":\"https:\/\/blog.gsa-messgeraete.de\/wp-content\/uploads\/2025\/07\/gsa-schadstoffexperten_v3-1024x576.jpg\",\"contentUrl\":\"https:\/\/blog.gsa-messgeraete.de\/wp-content\/uploads\/2025\/07\/gsa-schadstoffexperten_v3-1024x576.jpg\"},{\"@type\":\"BreadcrumbList\",\"@id\":\"https:\/\/blog.gsa-messgeraete.de\/es\/mediciones-de-contaminantes-y-analisis\/#breadcrumb\",\"itemListElement\":[{\"@type\":\"ListItem\",\"position\":1,\"name\":\"Startseite\",\"item\":\"https:\/\/blog.gsa-messgeraete.de\/es\/\"},{\"@type\":\"ListItem\",\"position\":2,\"name\":\"Mediciones de contaminantes y an\u00e1lisis\"}]},{\"@type\":\"WebSite\",\"@id\":\"https:\/\/blog.gsa-messgeraete.de\/es\/#website\",\"url\":\"https:\/\/blog.gsa-messgeraete.de\/es\/\",\"name\":\"blog.gsa-messgeraete.de\",\"description\":\"\",\"publisher\":{\"@id\":\"https:\/\/blog.gsa-messgeraete.de\/es\/#organization\"},\"potentialAction\":[{\"@type\":\"SearchAction\",\"target\":{\"@type\":\"EntryPoint\",\"urlTemplate\":\"https:\/\/blog.gsa-messgeraete.de\/es\/?s={search_term_string}\"},\"query-input\":{\"@type\":\"PropertyValueSpecification\",\"valueRequired\":true,\"valueName\":\"search_term_string\"}}],\"inLanguage\":\"es\"},{\"@type\":\"Organization\",\"@id\":\"https:\/\/blog.gsa-messgeraete.de\/es\/#organization\",\"name\":\"GSA Messger\u00e4tebau GmbH\",\"url\":\"https:\/\/blog.gsa-messgeraete.de\/es\/\",\"logo\":{\"@type\":\"ImageObject\",\"inLanguage\":\"es\",\"@id\":\"https:\/\/blog.gsa-messgeraete.de\/es\/#\/schema\/logo\/image\/\",\"url\":\"https:\/\/blog.gsa-messgeraete.de\/wp-content\/uploads\/2016\/12\/cropped-Logo-GSA-Messgeraete-1.jpg\",\"contentUrl\":\"https:\/\/blog.gsa-messgeraete.de\/wp-content\/uploads\/2016\/12\/cropped-Logo-GSA-Messgeraete-1.jpg\",\"width\":350,\"height\":164,\"caption\":\"GSA Messger\u00e4tebau GmbH\"},\"image\":{\"@id\":\"https:\/\/blog.gsa-messgeraete.de\/es\/#\/schema\/logo\/image\/\"}}]}<\/script>\n<!-- \/ Yoast SEO plugin. -->","yoast_head_json":{"title":"Mediciones de contaminantes y an\u00e1lisis - blog.gsa-messgeraete.de","robots":{"index":"index","follow":"follow","max-snippet":"max-snippet:-1","max-image-preview":"max-image-preview:large","max-video-preview":"max-video-preview:-1"},"canonical":"https:\/\/blog.gsa-messgeraete.de\/es\/mediciones-de-contaminantes-y-analisis\/","og_locale":"es_ES","og_type":"article","og_title":"Mediciones de contaminantes y an\u00e1lisis - blog.gsa-messgeraete.de","og_description":"Todo de una sola fuente de los expertos en contaminantes: Colaboramos estrechamente con nuestra empresa asociada, GSA Gesellschaft f\u00fcr Schadstoffanalytik mbH. Aqu\u00ed encontrar\u00e1s un equipo competente para todas las cuestiones relacionadas con la toma de muestras y el an\u00e1lisis de contaminantes. Muchos a\u00f1os de cooperaci\u00f3n nos permiten ofrecer asesoramiento especializado. Para las mediciones utilizamos, entre ... Leer m\u00e1s","og_url":"https:\/\/blog.gsa-messgeraete.de\/es\/mediciones-de-contaminantes-y-analisis\/","og_site_name":"blog.gsa-messgeraete.de","og_image":[{"url":"https:\/\/blog.gsa-messgeraete.de\/wp-content\/uploads\/2025\/07\/gsa-schadstoffexperten_v3-1024x576.jpg","type":"","width":"","height":""}],"twitter_card":"summary_large_image","schema":{"@context":"https:\/\/schema.org","@graph":[{"@type":"WebPage","@id":"https:\/\/blog.gsa-messgeraete.de\/es\/mediciones-de-contaminantes-y-analisis\/","url":"https:\/\/blog.gsa-messgeraete.de\/es\/mediciones-de-contaminantes-y-analisis\/","name":"Mediciones de contaminantes y an\u00e1lisis - blog.gsa-messgeraete.de","isPartOf":{"@id":"https:\/\/blog.gsa-messgeraete.de\/es\/#website"},"primaryImageOfPage":{"@id":"https:\/\/blog.gsa-messgeraete.de\/es\/mediciones-de-contaminantes-y-analisis\/#primaryimage"},"image":{"@id":"https:\/\/blog.gsa-messgeraete.de\/es\/mediciones-de-contaminantes-y-analisis\/#primaryimage"},"thumbnailUrl":"https:\/\/blog.gsa-messgeraete.de\/wp-content\/uploads\/2025\/07\/gsa-schadstoffexperten_v3-1024x576.jpg","datePublished":"2016-12-15T12:36:46+00:00","breadcrumb":{"@id":"https:\/\/blog.gsa-messgeraete.de\/es\/mediciones-de-contaminantes-y-analisis\/#breadcrumb"},"inLanguage":"es","potentialAction":[{"@type":"ReadAction","target":["https:\/\/blog.gsa-messgeraete.de\/es\/mediciones-de-contaminantes-y-analisis\/"]}]},{"@type":"ImageObject","inLanguage":"es","@id":"https:\/\/blog.gsa-messgeraete.de\/es\/mediciones-de-contaminantes-y-analisis\/#primaryimage","url":"https:\/\/blog.gsa-messgeraete.de\/wp-content\/uploads\/2025\/07\/gsa-schadstoffexperten_v3-1024x576.jpg","contentUrl":"https:\/\/blog.gsa-messgeraete.de\/wp-content\/uploads\/2025\/07\/gsa-schadstoffexperten_v3-1024x576.jpg"},{"@type":"BreadcrumbList","@id":"https:\/\/blog.gsa-messgeraete.de\/es\/mediciones-de-contaminantes-y-analisis\/#breadcrumb","itemListElement":[{"@type":"ListItem","position":1,"name":"Startseite","item":"https:\/\/blog.gsa-messgeraete.de\/es\/"},{"@type":"ListItem","position":2,"name":"Mediciones de contaminantes y an\u00e1lisis"}]},{"@type":"WebSite","@id":"https:\/\/blog.gsa-messgeraete.de\/es\/#website","url":"https:\/\/blog.gsa-messgeraete.de\/es\/","name":"blog.gsa-messgeraete.de","description":"","publisher":{"@id":"https:\/\/blog.gsa-messgeraete.de\/es\/#organization"},"potentialAction":[{"@type":"SearchAction","target":{"@type":"EntryPoint","urlTemplate":"https:\/\/blog.gsa-messgeraete.de\/es\/?s={search_term_string}"},"query-input":{"@type":"PropertyValueSpecification","valueRequired":true,"valueName":"search_term_string"}}],"inLanguage":"es"},{"@type":"Organization","@id":"https:\/\/blog.gsa-messgeraete.de\/es\/#organization","name":"GSA Messger\u00e4tebau GmbH","url":"https:\/\/blog.gsa-messgeraete.de\/es\/","logo":{"@type":"ImageObject","inLanguage":"es","@id":"https:\/\/blog.gsa-messgeraete.de\/es\/#\/schema\/logo\/image\/","url":"https:\/\/blog.gsa-messgeraete.de\/wp-content\/uploads\/2016\/12\/cropped-Logo-GSA-Messgeraete-1.jpg","contentUrl":"https:\/\/blog.gsa-messgeraete.de\/wp-content\/uploads\/2016\/12\/cropped-Logo-GSA-Messgeraete-1.jpg","width":350,"height":164,"caption":"GSA Messger\u00e4tebau GmbH"},"image":{"@id":"https:\/\/blog.gsa-messgeraete.de\/es\/#\/schema\/logo\/image\/"}}]}},"_links":{"self":[{"href":"https:\/\/blog.gsa-messgeraete.de\/es\/wp-json\/wp\/v2\/pages\/17137","targetHints":{"allow":["GET"]}}],"collection":[{"href":"https:\/\/blog.gsa-messgeraete.de\/es\/wp-json\/wp\/v2\/pages"}],"about":[{"href":"https:\/\/blog.gsa-messgeraete.de\/es\/wp-json\/wp\/v2\/types\/page"}],"author":[{"embeddable":true,"href":"https:\/\/blog.gsa-messgeraete.de\/es\/wp-json\/wp\/v2\/users\/1"}],"replies":[{"embeddable":true,"href":"https:\/\/blog.gsa-messgeraete.de\/es\/wp-json\/wp\/v2\/comments?post=17137"}],"version-history":[{"count":0,"href":"https:\/\/blog.gsa-messgeraete.de\/es\/wp-json\/wp\/v2\/pages\/17137\/revisions"}],"wp:attachment":[{"href":"https:\/\/blog.gsa-messgeraete.de\/es\/wp-json\/wp\/v2\/media?parent=17137"}],"curies":[{"name":"wp","href":"https:\/\/api.w.org\/{rel}","templated":true}]}}