{"id":17139,"date":"2016-12-15T13:17:47","date_gmt":"2016-12-15T12:17:47","guid":{"rendered":"https:\/\/blog.gsa-messgeraete.de\/sobre-nosotros\/"},"modified":"2026-04-07T16:34:35","modified_gmt":"2026-04-07T14:34:35","slug":"sobre-nosotros","status":"publish","type":"page","link":"https:\/\/blog.gsa-messgeraete.de\/es\/sobre-nosotros\/","title":{"rendered":"Sobre nosotros"},"content":{"rendered":"<p><a href=\"https:\/\/www.gsa-messgeraete.de\/Pagina-de-inicio\">GSA Messger\u00e4tebau GmbH<\/a> se fund\u00f3 en Neuss en 1991 y se gestiona en Ratingen desde 2015.<\/p>\n<p>Nuestra empresa ha desempe\u00f1ado un papel clave en el desarrollo de normas nacionales e internacionales para la tecnolog\u00eda de medici\u00f3n de polvos.<\/p>\n<p>D\u00e9cadas de experiencia en la medici\u00f3n de contaminantes y el an\u00e1lisis de sustancias peligrosas nos han convertido en expertos en la fabricaci\u00f3n de dispositivos de medici\u00f3n especializados para mediciones en el lugar de trabajo, as\u00ed como mediciones de emisiones e inmisiones.<\/p>\n<p>Alrededor <a href=\"https:\/\/www.gsa-messgeraete.de\/Referencias\">del 50% de las empresas del DAX<\/a> utilizan ya nuestra avanzada tecnolog\u00eda de medici\u00f3n y valoran su amplia gama de aplicaciones para la medici\u00f3n de contaminantes.<\/p>\n<p>Nuestra experiencia se incorpora continuamente al desarrollo de dispositivos de medici\u00f3n modernos y eficaces que pueden utilizarse tanto de forma estacionaria como m\u00f3vil para mejorar la seguridad laboral y la calidad de vida.<\/p>\n<p>Adem\u00e1s de nuestros propios desarrollos, tambi\u00e9n fabricamos dispositivos de medici\u00f3n autorizados para mediciones en el lugar de trabajo, desarrollados en colaboraci\u00f3n con el Institut f\u00fcr Arbeitsschutz der Social DGUV (Instituto para la Seguridad y la Salud en el Trabajo de la Deutsche Gesetzliche Unfallversicherung (DGUV).<\/p>\n<p>Gracias a nuestra amplia experiencia sobre el terreno, aplicamos nuestros descubrimientos de forma espec\u00edfica para los usuarios. Fabricamos dispositivos de muestreo y sistemas portamuestras de alta calidad para medir polvos, gases y vapores. <\/p>\n<p>Todos nuestros analizadores de contaminantes se <a href=\"https:\/\/www.gsa-messgeraete.de\/Made-in-Germany_2\">fabrican en Alemania<\/a> y <a href=\"https:\/\/www.gsa-messgeraete.de\/Certificado-TUeV\">cuentan con la certificaci\u00f3n T\u00dcV<\/a> seg\u00fan la norma ISO 9001:2015.<\/p>\n<p>Nuestros dispositivos de medici\u00f3n GSA ofrecen ventajas adicionales como:<\/p>\n<ul>\n<li>Dise\u00f1o compacto<\/li>\n<li>Peso ligero<\/li>\n<li>Alta fiabilidad operativa<\/li>\n<\/ul>\n<p><a href=\"https:\/\/www.gsa-messgeraete.de\/Pagina-de-inicio\">GSA Messger\u00e4tebau GmbH<\/a> opera en el mismo emplazamiento que <a href=\"https:\/\/www.gsa-ratingen.de\/en\">GSA Gesellschaft f\u00fcr Schadstoffanalytik mbH<\/a>, que cuenta con m\u00e1s de 30 a\u00f1os de experiencia en el asesoramiento y la toma de muestras de materiales sospechosos de contener sustancias nocivas y en el an\u00e1lisis de contaminantes como amianto, fibras inorg\u00e1nicas y polvos.<\/p>\n<p><img loading=\"lazy\" decoding=\"async\" class=\"alignnone wp-image-8905 size-large\" src=\"https:\/\/blog.gsa-messgeraete.de\/wp-content\/uploads\/2024\/10\/GSA-schadstoffexperten-2024-1024x576.png\" alt=\"\" width=\"1024\" height=\"576\" srcset=\"https:\/\/blog.gsa-messgeraete.de\/wp-content\/uploads\/2024\/10\/GSA-schadstoffexperten-2024-1024x576.png 1024w, https:\/\/blog.gsa-messgeraete.de\/wp-content\/uploads\/2024\/10\/GSA-schadstoffexperten-2024-300x169.png 300w, https:\/\/blog.gsa-messgeraete.de\/wp-content\/uploads\/2024\/10\/GSA-schadstoffexperten-2024-768x432.png 768w, https:\/\/blog.gsa-messgeraete.de\/wp-content\/uploads\/2024\/10\/GSA-schadstoffexperten-2024.png 1280w\" sizes=\"auto, (max-width: 1024px) 100vw, 1024px\" \/><\/p>\n<p>Puedes encontrar m\u00e1s informaci\u00f3n sobre nosotros, nuestras referencias y productos en nuestra <a href=\"https:\/\/www.gsa-messgeraete.de\/Pagina-de-inicio\">tienda online<\/a>.<\/p>\n","protected":false},"excerpt":{"rendered":"<p>GSA Messger\u00e4tebau GmbH se fund\u00f3 en Neuss en 1991 y se gestiona en Ratingen desde 2015. Nuestra empresa ha desempe\u00f1ado un papel clave en el desarrollo de normas nacionales e internacionales para la tecnolog\u00eda de medici\u00f3n de polvos. D\u00e9cadas de experiencia en la medici\u00f3n de contaminantes y el an\u00e1lisis de sustancias peligrosas nos han convertido &#8230; <a title=\"Sobre nosotros\" class=\"read-more\" href=\"https:\/\/blog.gsa-messgeraete.de\/es\/sobre-nosotros\/\" aria-label=\"Leer m\u00e1s sobre Sobre nosotros\">Leer m\u00e1s<\/a><\/p>\n","protected":false},"author":1,"featured_media":0,"parent":0,"menu_order":0,"comment_status":"closed","ping_status":"closed","template":"","meta":{"_exactmetrics_skip_tracking":false,"_exactmetrics_sitenote_active":false,"_exactmetrics_sitenote_note":"","_exactmetrics_sitenote_category":0,"footnotes":""},"class_list":["post-17139","page","type-page","status-publish"],"yoast_head":"<!-- This site is optimized with the Yoast SEO plugin v27.2 - https:\/\/yoast.com\/product\/yoast-seo-wordpress\/ -->\n<title>Sobre nosotros - blog.gsa-messgeraete.de<\/title>\n<meta name=\"robots\" content=\"index, follow, max-snippet:-1, max-image-preview:large, max-video-preview:-1\" \/>\n<link rel=\"canonical\" href=\"https:\/\/blog.gsa-messgeraete.de\/es\/sobre-nosotros\/\" \/>\n<meta property=\"og:locale\" content=\"es_ES\" \/>\n<meta property=\"og:type\" content=\"article\" \/>\n<meta property=\"og:title\" content=\"Sobre nosotros - blog.gsa-messgeraete.de\" \/>\n<meta property=\"og:description\" content=\"GSA Messger\u00e4tebau GmbH se fund\u00f3 en Neuss en 1991 y se gestiona en Ratingen desde 2015. Nuestra empresa ha desempe\u00f1ado un papel clave en el desarrollo de normas nacionales e internacionales para la tecnolog\u00eda de medici\u00f3n de polvos. D\u00e9cadas de experiencia en la medici\u00f3n de contaminantes y el an\u00e1lisis de sustancias peligrosas nos han convertido ... Leer m\u00e1s\" \/>\n<meta property=\"og:url\" content=\"https:\/\/blog.gsa-messgeraete.de\/es\/sobre-nosotros\/\" \/>\n<meta property=\"og:site_name\" content=\"blog.gsa-messgeraete.de\" \/>\n<meta property=\"article:modified_time\" content=\"2026-04-07T14:34:35+00:00\" \/>\n<meta property=\"og:image\" content=\"https:\/\/blog.gsa-messgeraete.de\/wp-content\/uploads\/2024\/10\/GSA-schadstoffexperten-2024-1024x576.png\" \/>\n<meta name=\"twitter:card\" content=\"summary_large_image\" \/>\n<meta name=\"twitter:label1\" content=\"Tiempo de lectura\" \/>\n\t<meta name=\"twitter:data1\" content=\"2 minutos\" \/>\n<script type=\"application\/ld+json\" class=\"yoast-schema-graph\">{\"@context\":\"https:\/\/schema.org\",\"@graph\":[{\"@type\":\"WebPage\",\"@id\":\"https:\/\/blog.gsa-messgeraete.de\/es\/sobre-nosotros\/\",\"url\":\"https:\/\/blog.gsa-messgeraete.de\/es\/sobre-nosotros\/\",\"name\":\"Sobre nosotros - blog.gsa-messgeraete.de\",\"isPartOf\":{\"@id\":\"https:\/\/blog.gsa-messgeraete.de\/es\/#website\"},\"primaryImageOfPage\":{\"@id\":\"https:\/\/blog.gsa-messgeraete.de\/es\/sobre-nosotros\/#primaryimage\"},\"image\":{\"@id\":\"https:\/\/blog.gsa-messgeraete.de\/es\/sobre-nosotros\/#primaryimage\"},\"thumbnailUrl\":\"https:\/\/blog.gsa-messgeraete.de\/wp-content\/uploads\/2024\/10\/GSA-schadstoffexperten-2024-1024x576.png\",\"datePublished\":\"2016-12-15T12:17:47+00:00\",\"dateModified\":\"2026-04-07T14:34:35+00:00\",\"breadcrumb\":{\"@id\":\"https:\/\/blog.gsa-messgeraete.de\/es\/sobre-nosotros\/#breadcrumb\"},\"inLanguage\":\"es\",\"potentialAction\":[{\"@type\":\"ReadAction\",\"target\":[\"https:\/\/blog.gsa-messgeraete.de\/es\/sobre-nosotros\/\"]}]},{\"@type\":\"ImageObject\",\"inLanguage\":\"es\",\"@id\":\"https:\/\/blog.gsa-messgeraete.de\/es\/sobre-nosotros\/#primaryimage\",\"url\":\"https:\/\/blog.gsa-messgeraete.de\/wp-content\/uploads\/2024\/10\/GSA-schadstoffexperten-2024-1024x576.png\",\"contentUrl\":\"https:\/\/blog.gsa-messgeraete.de\/wp-content\/uploads\/2024\/10\/GSA-schadstoffexperten-2024-1024x576.png\"},{\"@type\":\"BreadcrumbList\",\"@id\":\"https:\/\/blog.gsa-messgeraete.de\/es\/sobre-nosotros\/#breadcrumb\",\"itemListElement\":[{\"@type\":\"ListItem\",\"position\":1,\"name\":\"Startseite\",\"item\":\"https:\/\/blog.gsa-messgeraete.de\/es\/\"},{\"@type\":\"ListItem\",\"position\":2,\"name\":\"Sobre nosotros\"}]},{\"@type\":\"WebSite\",\"@id\":\"https:\/\/blog.gsa-messgeraete.de\/es\/#website\",\"url\":\"https:\/\/blog.gsa-messgeraete.de\/es\/\",\"name\":\"blog.gsa-messgeraete.de\",\"description\":\"\",\"publisher\":{\"@id\":\"https:\/\/blog.gsa-messgeraete.de\/es\/#organization\"},\"potentialAction\":[{\"@type\":\"SearchAction\",\"target\":{\"@type\":\"EntryPoint\",\"urlTemplate\":\"https:\/\/blog.gsa-messgeraete.de\/es\/?s={search_term_string}\"},\"query-input\":{\"@type\":\"PropertyValueSpecification\",\"valueRequired\":true,\"valueName\":\"search_term_string\"}}],\"inLanguage\":\"es\"},{\"@type\":\"Organization\",\"@id\":\"https:\/\/blog.gsa-messgeraete.de\/es\/#organization\",\"name\":\"GSA Messger\u00e4tebau GmbH\",\"url\":\"https:\/\/blog.gsa-messgeraete.de\/es\/\",\"logo\":{\"@type\":\"ImageObject\",\"inLanguage\":\"es\",\"@id\":\"https:\/\/blog.gsa-messgeraete.de\/es\/#\/schema\/logo\/image\/\",\"url\":\"https:\/\/blog.gsa-messgeraete.de\/wp-content\/uploads\/2016\/12\/cropped-Logo-GSA-Messgeraete-1.jpg\",\"contentUrl\":\"https:\/\/blog.gsa-messgeraete.de\/wp-content\/uploads\/2016\/12\/cropped-Logo-GSA-Messgeraete-1.jpg\",\"width\":350,\"height\":164,\"caption\":\"GSA Messger\u00e4tebau GmbH\"},\"image\":{\"@id\":\"https:\/\/blog.gsa-messgeraete.de\/es\/#\/schema\/logo\/image\/\"}}]}<\/script>\n<!-- \/ Yoast SEO plugin. -->","yoast_head_json":{"title":"Sobre nosotros - blog.gsa-messgeraete.de","robots":{"index":"index","follow":"follow","max-snippet":"max-snippet:-1","max-image-preview":"max-image-preview:large","max-video-preview":"max-video-preview:-1"},"canonical":"https:\/\/blog.gsa-messgeraete.de\/es\/sobre-nosotros\/","og_locale":"es_ES","og_type":"article","og_title":"Sobre nosotros - blog.gsa-messgeraete.de","og_description":"GSA Messger\u00e4tebau GmbH se fund\u00f3 en Neuss en 1991 y se gestiona en Ratingen desde 2015. Nuestra empresa ha desempe\u00f1ado un papel clave en el desarrollo de normas nacionales e internacionales para la tecnolog\u00eda de medici\u00f3n de polvos. D\u00e9cadas de experiencia en la medici\u00f3n de contaminantes y el an\u00e1lisis de sustancias peligrosas nos han convertido ... Leer m\u00e1s","og_url":"https:\/\/blog.gsa-messgeraete.de\/es\/sobre-nosotros\/","og_site_name":"blog.gsa-messgeraete.de","article_modified_time":"2026-04-07T14:34:35+00:00","og_image":[{"url":"https:\/\/blog.gsa-messgeraete.de\/wp-content\/uploads\/2024\/10\/GSA-schadstoffexperten-2024-1024x576.png","type":"","width":"","height":""}],"twitter_card":"summary_large_image","twitter_misc":{"Tiempo de lectura":"2 minutos"},"schema":{"@context":"https:\/\/schema.org","@graph":[{"@type":"WebPage","@id":"https:\/\/blog.gsa-messgeraete.de\/es\/sobre-nosotros\/","url":"https:\/\/blog.gsa-messgeraete.de\/es\/sobre-nosotros\/","name":"Sobre nosotros - blog.gsa-messgeraete.de","isPartOf":{"@id":"https:\/\/blog.gsa-messgeraete.de\/es\/#website"},"primaryImageOfPage":{"@id":"https:\/\/blog.gsa-messgeraete.de\/es\/sobre-nosotros\/#primaryimage"},"image":{"@id":"https:\/\/blog.gsa-messgeraete.de\/es\/sobre-nosotros\/#primaryimage"},"thumbnailUrl":"https:\/\/blog.gsa-messgeraete.de\/wp-content\/uploads\/2024\/10\/GSA-schadstoffexperten-2024-1024x576.png","datePublished":"2016-12-15T12:17:47+00:00","dateModified":"2026-04-07T14:34:35+00:00","breadcrumb":{"@id":"https:\/\/blog.gsa-messgeraete.de\/es\/sobre-nosotros\/#breadcrumb"},"inLanguage":"es","potentialAction":[{"@type":"ReadAction","target":["https:\/\/blog.gsa-messgeraete.de\/es\/sobre-nosotros\/"]}]},{"@type":"ImageObject","inLanguage":"es","@id":"https:\/\/blog.gsa-messgeraete.de\/es\/sobre-nosotros\/#primaryimage","url":"https:\/\/blog.gsa-messgeraete.de\/wp-content\/uploads\/2024\/10\/GSA-schadstoffexperten-2024-1024x576.png","contentUrl":"https:\/\/blog.gsa-messgeraete.de\/wp-content\/uploads\/2024\/10\/GSA-schadstoffexperten-2024-1024x576.png"},{"@type":"BreadcrumbList","@id":"https:\/\/blog.gsa-messgeraete.de\/es\/sobre-nosotros\/#breadcrumb","itemListElement":[{"@type":"ListItem","position":1,"name":"Startseite","item":"https:\/\/blog.gsa-messgeraete.de\/es\/"},{"@type":"ListItem","position":2,"name":"Sobre nosotros"}]},{"@type":"WebSite","@id":"https:\/\/blog.gsa-messgeraete.de\/es\/#website","url":"https:\/\/blog.gsa-messgeraete.de\/es\/","name":"blog.gsa-messgeraete.de","description":"","publisher":{"@id":"https:\/\/blog.gsa-messgeraete.de\/es\/#organization"},"potentialAction":[{"@type":"SearchAction","target":{"@type":"EntryPoint","urlTemplate":"https:\/\/blog.gsa-messgeraete.de\/es\/?s={search_term_string}"},"query-input":{"@type":"PropertyValueSpecification","valueRequired":true,"valueName":"search_term_string"}}],"inLanguage":"es"},{"@type":"Organization","@id":"https:\/\/blog.gsa-messgeraete.de\/es\/#organization","name":"GSA Messger\u00e4tebau GmbH","url":"https:\/\/blog.gsa-messgeraete.de\/es\/","logo":{"@type":"ImageObject","inLanguage":"es","@id":"https:\/\/blog.gsa-messgeraete.de\/es\/#\/schema\/logo\/image\/","url":"https:\/\/blog.gsa-messgeraete.de\/wp-content\/uploads\/2016\/12\/cropped-Logo-GSA-Messgeraete-1.jpg","contentUrl":"https:\/\/blog.gsa-messgeraete.de\/wp-content\/uploads\/2016\/12\/cropped-Logo-GSA-Messgeraete-1.jpg","width":350,"height":164,"caption":"GSA Messger\u00e4tebau GmbH"},"image":{"@id":"https:\/\/blog.gsa-messgeraete.de\/es\/#\/schema\/logo\/image\/"}}]}},"_links":{"self":[{"href":"https:\/\/blog.gsa-messgeraete.de\/es\/wp-json\/wp\/v2\/pages\/17139","targetHints":{"allow":["GET"]}}],"collection":[{"href":"https:\/\/blog.gsa-messgeraete.de\/es\/wp-json\/wp\/v2\/pages"}],"about":[{"href":"https:\/\/blog.gsa-messgeraete.de\/es\/wp-json\/wp\/v2\/types\/page"}],"author":[{"embeddable":true,"href":"https:\/\/blog.gsa-messgeraete.de\/es\/wp-json\/wp\/v2\/users\/1"}],"replies":[{"embeddable":true,"href":"https:\/\/blog.gsa-messgeraete.de\/es\/wp-json\/wp\/v2\/comments?post=17139"}],"version-history":[{"count":1,"href":"https:\/\/blog.gsa-messgeraete.de\/es\/wp-json\/wp\/v2\/pages\/17139\/revisions"}],"predecessor-version":[{"id":17143,"href":"https:\/\/blog.gsa-messgeraete.de\/es\/wp-json\/wp\/v2\/pages\/17139\/revisions\/17143"}],"wp:attachment":[{"href":"https:\/\/blog.gsa-messgeraete.de\/es\/wp-json\/wp\/v2\/media?parent=17139"}],"curies":[{"name":"wp","href":"https:\/\/api.w.org\/{rel}","templated":true}]}}