{"id":17141,"date":"2016-12-15T13:28:25","date_gmt":"2016-12-15T12:28:25","guid":{"rendered":"https:\/\/blog.gsa-messgeraete.de\/a-la-tienda-online\/"},"modified":"2016-12-15T13:28:25","modified_gmt":"2016-12-15T12:28:25","slug":"a-la-tienda-online","status":"publish","type":"page","link":"https:\/\/blog.gsa-messgeraete.de\/es\/a-la-tienda-online\/","title":{"rendered":"A la tienda online"},"content":{"rendered":"<p>Desde 2015 tenemos una tienda online en nuestro sitio web. En ella encontrar\u00e1s diversos dispositivos de medici\u00f3n y sus accesorios. Nuestra amplia gama abarca \u00e1mbitos como la medici\u00f3n de E\/Polvo, mediciones de fibra, muestras de amianto y mediciones de gases en el \u00e1rea de trabajo. De este modo, te ayudamos a optimizar la seguridad y la salud laboral en tu empresa. Tambi\u00e9n encontrar\u00e1s informaci\u00f3n sobre los distintos aparatos y servicios de asesoramiento. Echa un vistazo a nuestro <a href=\"https:\/\/www.gsa-messgeraete.de\/Contacto\">formulario de contacto<\/a>.     <\/p>\n<p><a href=\"https:\/\/www.gsa-messgeraete.de\/Pagina-de-inicio\"><img loading=\"lazy\" decoding=\"async\" class=\"alignnone wp-image-55\" src=\"https:\/\/blog.gsa-messgeraete.de\/wp-content\/uploads\/2016\/12\/GSA-Messgeraete-1-1024x679.jpg\" alt=\"\" width=\"438\" height=\"291\" srcset=\"https:\/\/blog.gsa-messgeraete.de\/wp-content\/uploads\/2016\/12\/GSA-Messgeraete-1-1024x679.jpg 1024w, https:\/\/blog.gsa-messgeraete.de\/wp-content\/uploads\/2016\/12\/GSA-Messgeraete-1-300x199.jpg 300w, https:\/\/blog.gsa-messgeraete.de\/wp-content\/uploads\/2016\/12\/GSA-Messgeraete-1-768x510.jpg 768w, https:\/\/blog.gsa-messgeraete.de\/wp-content\/uploads\/2016\/12\/GSA-Messgeraete-1.jpg 1899w\" sizes=\"auto, (max-width: 438px) 100vw, 438px\" \/><\/a><\/p>\n<p><strong>-&gt;<\/strong> <a href=\"https:\/\/www.gsa-messgeraete.de\/Pagina-de-inicio\">A la tienda online de GSA Messger\u00e4tebau GmbH<\/a><\/p>\n","protected":false},"excerpt":{"rendered":"<p>Desde 2015 tenemos una tienda online en nuestro sitio web. En ella encontrar\u00e1s diversos dispositivos de medici\u00f3n y sus accesorios. Nuestra amplia gama abarca \u00e1mbitos como la medici\u00f3n de E\/Polvo, mediciones de fibra, muestras de amianto y mediciones de gases en el \u00e1rea de trabajo. De este modo, te ayudamos a optimizar la seguridad y &#8230; <a title=\"A la tienda online\" class=\"read-more\" href=\"https:\/\/blog.gsa-messgeraete.de\/es\/a-la-tienda-online\/\" aria-label=\"Leer m\u00e1s sobre A la tienda online\">Leer m\u00e1s<\/a><\/p>\n","protected":false},"author":1,"featured_media":0,"parent":0,"menu_order":0,"comment_status":"closed","ping_status":"closed","template":"","meta":{"_exactmetrics_skip_tracking":false,"_exactmetrics_sitenote_active":false,"_exactmetrics_sitenote_note":"","_exactmetrics_sitenote_category":0,"footnotes":""},"class_list":["post-17141","page","type-page","status-publish"],"yoast_head":"<!-- This site is optimized with the Yoast SEO plugin v27.2 - https:\/\/yoast.com\/product\/yoast-seo-wordpress\/ -->\n<title>A la tienda online - blog.gsa-messgeraete.de<\/title>\n<meta name=\"robots\" content=\"index, follow, max-snippet:-1, max-image-preview:large, max-video-preview:-1\" \/>\n<link rel=\"canonical\" href=\"https:\/\/blog.gsa-messgeraete.de\/es\/a-la-tienda-online\/\" \/>\n<meta property=\"og:locale\" content=\"es_ES\" \/>\n<meta property=\"og:type\" content=\"article\" \/>\n<meta property=\"og:title\" content=\"A la tienda online - blog.gsa-messgeraete.de\" \/>\n<meta property=\"og:description\" content=\"Desde 2015 tenemos una tienda online en nuestro sitio web. En ella encontrar\u00e1s diversos dispositivos de medici\u00f3n y sus accesorios. Nuestra amplia gama abarca \u00e1mbitos como la medici\u00f3n de E\/Polvo, mediciones de fibra, muestras de amianto y mediciones de gases en el \u00e1rea de trabajo. De este modo, te ayudamos a optimizar la seguridad y ... Leer m\u00e1s\" \/>\n<meta property=\"og:url\" content=\"https:\/\/blog.gsa-messgeraete.de\/es\/a-la-tienda-online\/\" \/>\n<meta property=\"og:site_name\" content=\"blog.gsa-messgeraete.de\" \/>\n<meta property=\"og:image\" content=\"https:\/\/blog.gsa-messgeraete.de\/wp-content\/uploads\/2016\/12\/GSA-Messgeraete-1-1024x679.jpg\" \/>\n<meta name=\"twitter:card\" content=\"summary_large_image\" \/>\n<script type=\"application\/ld+json\" class=\"yoast-schema-graph\">{\"@context\":\"https:\/\/schema.org\",\"@graph\":[{\"@type\":\"WebPage\",\"@id\":\"https:\/\/blog.gsa-messgeraete.de\/es\/a-la-tienda-online\/\",\"url\":\"https:\/\/blog.gsa-messgeraete.de\/es\/a-la-tienda-online\/\",\"name\":\"A la tienda online - blog.gsa-messgeraete.de\",\"isPartOf\":{\"@id\":\"https:\/\/blog.gsa-messgeraete.de\/es\/#website\"},\"primaryImageOfPage\":{\"@id\":\"https:\/\/blog.gsa-messgeraete.de\/es\/a-la-tienda-online\/#primaryimage\"},\"image\":{\"@id\":\"https:\/\/blog.gsa-messgeraete.de\/es\/a-la-tienda-online\/#primaryimage\"},\"thumbnailUrl\":\"https:\/\/blog.gsa-messgeraete.de\/wp-content\/uploads\/2016\/12\/GSA-Messgeraete-1-1024x679.jpg\",\"datePublished\":\"2016-12-15T12:28:25+00:00\",\"breadcrumb\":{\"@id\":\"https:\/\/blog.gsa-messgeraete.de\/es\/a-la-tienda-online\/#breadcrumb\"},\"inLanguage\":\"es\",\"potentialAction\":[{\"@type\":\"ReadAction\",\"target\":[\"https:\/\/blog.gsa-messgeraete.de\/es\/a-la-tienda-online\/\"]}]},{\"@type\":\"ImageObject\",\"inLanguage\":\"es\",\"@id\":\"https:\/\/blog.gsa-messgeraete.de\/es\/a-la-tienda-online\/#primaryimage\",\"url\":\"https:\/\/blog.gsa-messgeraete.de\/wp-content\/uploads\/2016\/12\/GSA-Messgeraete-1-1024x679.jpg\",\"contentUrl\":\"https:\/\/blog.gsa-messgeraete.de\/wp-content\/uploads\/2016\/12\/GSA-Messgeraete-1-1024x679.jpg\"},{\"@type\":\"BreadcrumbList\",\"@id\":\"https:\/\/blog.gsa-messgeraete.de\/es\/a-la-tienda-online\/#breadcrumb\",\"itemListElement\":[{\"@type\":\"ListItem\",\"position\":1,\"name\":\"Startseite\",\"item\":\"https:\/\/blog.gsa-messgeraete.de\/es\/\"},{\"@type\":\"ListItem\",\"position\":2,\"name\":\"A la tienda online\"}]},{\"@type\":\"WebSite\",\"@id\":\"https:\/\/blog.gsa-messgeraete.de\/es\/#website\",\"url\":\"https:\/\/blog.gsa-messgeraete.de\/es\/\",\"name\":\"blog.gsa-messgeraete.de\",\"description\":\"\",\"publisher\":{\"@id\":\"https:\/\/blog.gsa-messgeraete.de\/es\/#organization\"},\"potentialAction\":[{\"@type\":\"SearchAction\",\"target\":{\"@type\":\"EntryPoint\",\"urlTemplate\":\"https:\/\/blog.gsa-messgeraete.de\/es\/?s={search_term_string}\"},\"query-input\":{\"@type\":\"PropertyValueSpecification\",\"valueRequired\":true,\"valueName\":\"search_term_string\"}}],\"inLanguage\":\"es\"},{\"@type\":\"Organization\",\"@id\":\"https:\/\/blog.gsa-messgeraete.de\/es\/#organization\",\"name\":\"GSA Messger\u00e4tebau GmbH\",\"url\":\"https:\/\/blog.gsa-messgeraete.de\/es\/\",\"logo\":{\"@type\":\"ImageObject\",\"inLanguage\":\"es\",\"@id\":\"https:\/\/blog.gsa-messgeraete.de\/es\/#\/schema\/logo\/image\/\",\"url\":\"https:\/\/blog.gsa-messgeraete.de\/wp-content\/uploads\/2016\/12\/cropped-Logo-GSA-Messgeraete-1.jpg\",\"contentUrl\":\"https:\/\/blog.gsa-messgeraete.de\/wp-content\/uploads\/2016\/12\/cropped-Logo-GSA-Messgeraete-1.jpg\",\"width\":350,\"height\":164,\"caption\":\"GSA Messger\u00e4tebau GmbH\"},\"image\":{\"@id\":\"https:\/\/blog.gsa-messgeraete.de\/es\/#\/schema\/logo\/image\/\"}}]}<\/script>\n<!-- \/ Yoast SEO plugin. -->","yoast_head_json":{"title":"A la tienda online - blog.gsa-messgeraete.de","robots":{"index":"index","follow":"follow","max-snippet":"max-snippet:-1","max-image-preview":"max-image-preview:large","max-video-preview":"max-video-preview:-1"},"canonical":"https:\/\/blog.gsa-messgeraete.de\/es\/a-la-tienda-online\/","og_locale":"es_ES","og_type":"article","og_title":"A la tienda online - blog.gsa-messgeraete.de","og_description":"Desde 2015 tenemos una tienda online en nuestro sitio web. En ella encontrar\u00e1s diversos dispositivos de medici\u00f3n y sus accesorios. Nuestra amplia gama abarca \u00e1mbitos como la medici\u00f3n de E\/Polvo, mediciones de fibra, muestras de amianto y mediciones de gases en el \u00e1rea de trabajo. De este modo, te ayudamos a optimizar la seguridad y ... Leer m\u00e1s","og_url":"https:\/\/blog.gsa-messgeraete.de\/es\/a-la-tienda-online\/","og_site_name":"blog.gsa-messgeraete.de","og_image":[{"url":"https:\/\/blog.gsa-messgeraete.de\/wp-content\/uploads\/2016\/12\/GSA-Messgeraete-1-1024x679.jpg","type":"","width":"","height":""}],"twitter_card":"summary_large_image","schema":{"@context":"https:\/\/schema.org","@graph":[{"@type":"WebPage","@id":"https:\/\/blog.gsa-messgeraete.de\/es\/a-la-tienda-online\/","url":"https:\/\/blog.gsa-messgeraete.de\/es\/a-la-tienda-online\/","name":"A la tienda online - blog.gsa-messgeraete.de","isPartOf":{"@id":"https:\/\/blog.gsa-messgeraete.de\/es\/#website"},"primaryImageOfPage":{"@id":"https:\/\/blog.gsa-messgeraete.de\/es\/a-la-tienda-online\/#primaryimage"},"image":{"@id":"https:\/\/blog.gsa-messgeraete.de\/es\/a-la-tienda-online\/#primaryimage"},"thumbnailUrl":"https:\/\/blog.gsa-messgeraete.de\/wp-content\/uploads\/2016\/12\/GSA-Messgeraete-1-1024x679.jpg","datePublished":"2016-12-15T12:28:25+00:00","breadcrumb":{"@id":"https:\/\/blog.gsa-messgeraete.de\/es\/a-la-tienda-online\/#breadcrumb"},"inLanguage":"es","potentialAction":[{"@type":"ReadAction","target":["https:\/\/blog.gsa-messgeraete.de\/es\/a-la-tienda-online\/"]}]},{"@type":"ImageObject","inLanguage":"es","@id":"https:\/\/blog.gsa-messgeraete.de\/es\/a-la-tienda-online\/#primaryimage","url":"https:\/\/blog.gsa-messgeraete.de\/wp-content\/uploads\/2016\/12\/GSA-Messgeraete-1-1024x679.jpg","contentUrl":"https:\/\/blog.gsa-messgeraete.de\/wp-content\/uploads\/2016\/12\/GSA-Messgeraete-1-1024x679.jpg"},{"@type":"BreadcrumbList","@id":"https:\/\/blog.gsa-messgeraete.de\/es\/a-la-tienda-online\/#breadcrumb","itemListElement":[{"@type":"ListItem","position":1,"name":"Startseite","item":"https:\/\/blog.gsa-messgeraete.de\/es\/"},{"@type":"ListItem","position":2,"name":"A la tienda online"}]},{"@type":"WebSite","@id":"https:\/\/blog.gsa-messgeraete.de\/es\/#website","url":"https:\/\/blog.gsa-messgeraete.de\/es\/","name":"blog.gsa-messgeraete.de","description":"","publisher":{"@id":"https:\/\/blog.gsa-messgeraete.de\/es\/#organization"},"potentialAction":[{"@type":"SearchAction","target":{"@type":"EntryPoint","urlTemplate":"https:\/\/blog.gsa-messgeraete.de\/es\/?s={search_term_string}"},"query-input":{"@type":"PropertyValueSpecification","valueRequired":true,"valueName":"search_term_string"}}],"inLanguage":"es"},{"@type":"Organization","@id":"https:\/\/blog.gsa-messgeraete.de\/es\/#organization","name":"GSA Messger\u00e4tebau GmbH","url":"https:\/\/blog.gsa-messgeraete.de\/es\/","logo":{"@type":"ImageObject","inLanguage":"es","@id":"https:\/\/blog.gsa-messgeraete.de\/es\/#\/schema\/logo\/image\/","url":"https:\/\/blog.gsa-messgeraete.de\/wp-content\/uploads\/2016\/12\/cropped-Logo-GSA-Messgeraete-1.jpg","contentUrl":"https:\/\/blog.gsa-messgeraete.de\/wp-content\/uploads\/2016\/12\/cropped-Logo-GSA-Messgeraete-1.jpg","width":350,"height":164,"caption":"GSA Messger\u00e4tebau GmbH"},"image":{"@id":"https:\/\/blog.gsa-messgeraete.de\/es\/#\/schema\/logo\/image\/"}}]}},"_links":{"self":[{"href":"https:\/\/blog.gsa-messgeraete.de\/es\/wp-json\/wp\/v2\/pages\/17141","targetHints":{"allow":["GET"]}}],"collection":[{"href":"https:\/\/blog.gsa-messgeraete.de\/es\/wp-json\/wp\/v2\/pages"}],"about":[{"href":"https:\/\/blog.gsa-messgeraete.de\/es\/wp-json\/wp\/v2\/types\/page"}],"author":[{"embeddable":true,"href":"https:\/\/blog.gsa-messgeraete.de\/es\/wp-json\/wp\/v2\/users\/1"}],"replies":[{"embeddable":true,"href":"https:\/\/blog.gsa-messgeraete.de\/es\/wp-json\/wp\/v2\/comments?post=17141"}],"version-history":[{"count":0,"href":"https:\/\/blog.gsa-messgeraete.de\/es\/wp-json\/wp\/v2\/pages\/17141\/revisions"}],"wp:attachment":[{"href":"https:\/\/blog.gsa-messgeraete.de\/es\/wp-json\/wp\/v2\/media?parent=17141"}],"curies":[{"name":"wp","href":"https:\/\/api.w.org\/{rel}","templated":true}]}}