{"id":17174,"date":"2018-05-16T15:20:38","date_gmt":"2018-05-16T13:20:38","guid":{"rendered":"https:\/\/blog.gsa-messgeraete.de\/politica-de-privacidad\/"},"modified":"2018-05-16T15:20:38","modified_gmt":"2018-05-16T13:20:38","slug":"politica-de-privacidad","status":"publish","type":"page","link":"https:\/\/blog.gsa-messgeraete.de\/es\/politica-de-privacidad\/","title":{"rendered":"Pol\u00edtica de privacidad"},"content":{"rendered":"<p><img decoding=\"async\" src=\"https:\/\/www.it-recht-kanzlei.de\/logo\/Logo_Juristisch_betreut_durch_IT-Recht_Kanzlei.png?i=3330b-19a8d-39c6-907c-1\" alt=\"Representada por el IT-Recht Kanzlei\"><\/p>\n<h2>Para consultar la pol\u00edtica de privacidad actual, haz clic aqu\u00ed (enlace)Zur aktuellen Datenschutzerkl\u00e4rung geht es <a href=\"https:\/\/www.gsa-messgeraete.de\/Proteccion-de-datos\">hier<\/a>.<\/h2>\n","protected":false},"excerpt":{"rendered":"<p>Para consultar la pol\u00edtica de privacidad actual, haz clic aqu\u00ed (enlace)Zur aktuellen Datenschutzerkl\u00e4rung geht es hier.<\/p>\n","protected":false},"author":1,"featured_media":0,"parent":0,"menu_order":0,"comment_status":"closed","ping_status":"closed","template":"","meta":{"_exactmetrics_skip_tracking":false,"_exactmetrics_sitenote_active":false,"_exactmetrics_sitenote_note":"","_exactmetrics_sitenote_category":0,"footnotes":""},"class_list":["post-17174","page","type-page","status-publish"],"yoast_head":"<!-- This site is optimized with the Yoast SEO plugin v27.2 - https:\/\/yoast.com\/product\/yoast-seo-wordpress\/ -->\n<title>Pol\u00edtica de privacidad - blog.gsa-messgeraete.de<\/title>\n<meta name=\"robots\" content=\"index, follow, max-snippet:-1, max-image-preview:large, max-video-preview:-1\" \/>\n<link rel=\"canonical\" href=\"https:\/\/blog.gsa-messgeraete.de\/es\/politica-de-privacidad\/\" \/>\n<meta property=\"og:locale\" content=\"es_ES\" \/>\n<meta property=\"og:type\" content=\"article\" \/>\n<meta property=\"og:title\" content=\"Pol\u00edtica de privacidad - blog.gsa-messgeraete.de\" \/>\n<meta property=\"og:description\" content=\"Para consultar la pol\u00edtica de privacidad actual, haz clic aqu\u00ed (enlace)Zur aktuellen Datenschutzerkl\u00e4rung geht es hier.\" \/>\n<meta property=\"og:url\" content=\"https:\/\/blog.gsa-messgeraete.de\/es\/politica-de-privacidad\/\" \/>\n<meta property=\"og:site_name\" content=\"blog.gsa-messgeraete.de\" \/>\n<meta property=\"og:image\" content=\"https:\/\/www.it-recht-kanzlei.de\/logo\/Logo_Juristisch_betreut_durch_IT-Recht_Kanzlei.png?i=3330b-19a8d-39c6-907c-1\" \/>\n<meta name=\"twitter:card\" content=\"summary_large_image\" \/>\n<script type=\"application\/ld+json\" class=\"yoast-schema-graph\">{\"@context\":\"https:\/\/schema.org\",\"@graph\":[{\"@type\":\"WebPage\",\"@id\":\"https:\/\/blog.gsa-messgeraete.de\/es\/politica-de-privacidad\/\",\"url\":\"https:\/\/blog.gsa-messgeraete.de\/es\/politica-de-privacidad\/\",\"name\":\"Pol\u00edtica de privacidad - blog.gsa-messgeraete.de\",\"isPartOf\":{\"@id\":\"https:\/\/blog.gsa-messgeraete.de\/es\/#website\"},\"primaryImageOfPage\":{\"@id\":\"https:\/\/blog.gsa-messgeraete.de\/es\/politica-de-privacidad\/#primaryimage\"},\"image\":{\"@id\":\"https:\/\/blog.gsa-messgeraete.de\/es\/politica-de-privacidad\/#primaryimage\"},\"thumbnailUrl\":\"https:\/\/www.it-recht-kanzlei.de\/logo\/Logo_Juristisch_betreut_durch_IT-Recht_Kanzlei.png?i=3330b-19a8d-39c6-907c-1\",\"datePublished\":\"2018-05-16T13:20:38+00:00\",\"breadcrumb\":{\"@id\":\"https:\/\/blog.gsa-messgeraete.de\/es\/politica-de-privacidad\/#breadcrumb\"},\"inLanguage\":\"es\",\"potentialAction\":[{\"@type\":\"ReadAction\",\"target\":[\"https:\/\/blog.gsa-messgeraete.de\/es\/politica-de-privacidad\/\"]}]},{\"@type\":\"ImageObject\",\"inLanguage\":\"es\",\"@id\":\"https:\/\/blog.gsa-messgeraete.de\/es\/politica-de-privacidad\/#primaryimage\",\"url\":\"https:\/\/www.it-recht-kanzlei.de\/logo\/Logo_Juristisch_betreut_durch_IT-Recht_Kanzlei.png?i=3330b-19a8d-39c6-907c-1\",\"contentUrl\":\"https:\/\/www.it-recht-kanzlei.de\/logo\/Logo_Juristisch_betreut_durch_IT-Recht_Kanzlei.png?i=3330b-19a8d-39c6-907c-1\"},{\"@type\":\"BreadcrumbList\",\"@id\":\"https:\/\/blog.gsa-messgeraete.de\/es\/politica-de-privacidad\/#breadcrumb\",\"itemListElement\":[{\"@type\":\"ListItem\",\"position\":1,\"name\":\"Startseite\",\"item\":\"https:\/\/blog.gsa-messgeraete.de\/es\/\"},{\"@type\":\"ListItem\",\"position\":2,\"name\":\"Pol\u00edtica de privacidad\"}]},{\"@type\":\"WebSite\",\"@id\":\"https:\/\/blog.gsa-messgeraete.de\/es\/#website\",\"url\":\"https:\/\/blog.gsa-messgeraete.de\/es\/\",\"name\":\"blog.gsa-messgeraete.de\",\"description\":\"\",\"publisher\":{\"@id\":\"https:\/\/blog.gsa-messgeraete.de\/es\/#organization\"},\"potentialAction\":[{\"@type\":\"SearchAction\",\"target\":{\"@type\":\"EntryPoint\",\"urlTemplate\":\"https:\/\/blog.gsa-messgeraete.de\/es\/?s={search_term_string}\"},\"query-input\":{\"@type\":\"PropertyValueSpecification\",\"valueRequired\":true,\"valueName\":\"search_term_string\"}}],\"inLanguage\":\"es\"},{\"@type\":\"Organization\",\"@id\":\"https:\/\/blog.gsa-messgeraete.de\/es\/#organization\",\"name\":\"GSA Messger\u00e4tebau GmbH\",\"url\":\"https:\/\/blog.gsa-messgeraete.de\/es\/\",\"logo\":{\"@type\":\"ImageObject\",\"inLanguage\":\"es\",\"@id\":\"https:\/\/blog.gsa-messgeraete.de\/es\/#\/schema\/logo\/image\/\",\"url\":\"https:\/\/blog.gsa-messgeraete.de\/wp-content\/uploads\/2016\/12\/cropped-Logo-GSA-Messgeraete-1.jpg\",\"contentUrl\":\"https:\/\/blog.gsa-messgeraete.de\/wp-content\/uploads\/2016\/12\/cropped-Logo-GSA-Messgeraete-1.jpg\",\"width\":350,\"height\":164,\"caption\":\"GSA Messger\u00e4tebau GmbH\"},\"image\":{\"@id\":\"https:\/\/blog.gsa-messgeraete.de\/es\/#\/schema\/logo\/image\/\"}}]}<\/script>\n<!-- \/ Yoast SEO plugin. -->","yoast_head_json":{"title":"Pol\u00edtica de privacidad - blog.gsa-messgeraete.de","robots":{"index":"index","follow":"follow","max-snippet":"max-snippet:-1","max-image-preview":"max-image-preview:large","max-video-preview":"max-video-preview:-1"},"canonical":"https:\/\/blog.gsa-messgeraete.de\/es\/politica-de-privacidad\/","og_locale":"es_ES","og_type":"article","og_title":"Pol\u00edtica de privacidad - blog.gsa-messgeraete.de","og_description":"Para consultar la pol\u00edtica de privacidad actual, haz clic aqu\u00ed (enlace)Zur aktuellen Datenschutzerkl\u00e4rung geht es hier.","og_url":"https:\/\/blog.gsa-messgeraete.de\/es\/politica-de-privacidad\/","og_site_name":"blog.gsa-messgeraete.de","og_image":[{"url":"https:\/\/www.it-recht-kanzlei.de\/logo\/Logo_Juristisch_betreut_durch_IT-Recht_Kanzlei.png?i=3330b-19a8d-39c6-907c-1","type":"","width":"","height":""}],"twitter_card":"summary_large_image","schema":{"@context":"https:\/\/schema.org","@graph":[{"@type":"WebPage","@id":"https:\/\/blog.gsa-messgeraete.de\/es\/politica-de-privacidad\/","url":"https:\/\/blog.gsa-messgeraete.de\/es\/politica-de-privacidad\/","name":"Pol\u00edtica de privacidad - blog.gsa-messgeraete.de","isPartOf":{"@id":"https:\/\/blog.gsa-messgeraete.de\/es\/#website"},"primaryImageOfPage":{"@id":"https:\/\/blog.gsa-messgeraete.de\/es\/politica-de-privacidad\/#primaryimage"},"image":{"@id":"https:\/\/blog.gsa-messgeraete.de\/es\/politica-de-privacidad\/#primaryimage"},"thumbnailUrl":"https:\/\/www.it-recht-kanzlei.de\/logo\/Logo_Juristisch_betreut_durch_IT-Recht_Kanzlei.png?i=3330b-19a8d-39c6-907c-1","datePublished":"2018-05-16T13:20:38+00:00","breadcrumb":{"@id":"https:\/\/blog.gsa-messgeraete.de\/es\/politica-de-privacidad\/#breadcrumb"},"inLanguage":"es","potentialAction":[{"@type":"ReadAction","target":["https:\/\/blog.gsa-messgeraete.de\/es\/politica-de-privacidad\/"]}]},{"@type":"ImageObject","inLanguage":"es","@id":"https:\/\/blog.gsa-messgeraete.de\/es\/politica-de-privacidad\/#primaryimage","url":"https:\/\/www.it-recht-kanzlei.de\/logo\/Logo_Juristisch_betreut_durch_IT-Recht_Kanzlei.png?i=3330b-19a8d-39c6-907c-1","contentUrl":"https:\/\/www.it-recht-kanzlei.de\/logo\/Logo_Juristisch_betreut_durch_IT-Recht_Kanzlei.png?i=3330b-19a8d-39c6-907c-1"},{"@type":"BreadcrumbList","@id":"https:\/\/blog.gsa-messgeraete.de\/es\/politica-de-privacidad\/#breadcrumb","itemListElement":[{"@type":"ListItem","position":1,"name":"Startseite","item":"https:\/\/blog.gsa-messgeraete.de\/es\/"},{"@type":"ListItem","position":2,"name":"Pol\u00edtica de privacidad"}]},{"@type":"WebSite","@id":"https:\/\/blog.gsa-messgeraete.de\/es\/#website","url":"https:\/\/blog.gsa-messgeraete.de\/es\/","name":"blog.gsa-messgeraete.de","description":"","publisher":{"@id":"https:\/\/blog.gsa-messgeraete.de\/es\/#organization"},"potentialAction":[{"@type":"SearchAction","target":{"@type":"EntryPoint","urlTemplate":"https:\/\/blog.gsa-messgeraete.de\/es\/?s={search_term_string}"},"query-input":{"@type":"PropertyValueSpecification","valueRequired":true,"valueName":"search_term_string"}}],"inLanguage":"es"},{"@type":"Organization","@id":"https:\/\/blog.gsa-messgeraete.de\/es\/#organization","name":"GSA Messger\u00e4tebau GmbH","url":"https:\/\/blog.gsa-messgeraete.de\/es\/","logo":{"@type":"ImageObject","inLanguage":"es","@id":"https:\/\/blog.gsa-messgeraete.de\/es\/#\/schema\/logo\/image\/","url":"https:\/\/blog.gsa-messgeraete.de\/wp-content\/uploads\/2016\/12\/cropped-Logo-GSA-Messgeraete-1.jpg","contentUrl":"https:\/\/blog.gsa-messgeraete.de\/wp-content\/uploads\/2016\/12\/cropped-Logo-GSA-Messgeraete-1.jpg","width":350,"height":164,"caption":"GSA Messger\u00e4tebau GmbH"},"image":{"@id":"https:\/\/blog.gsa-messgeraete.de\/es\/#\/schema\/logo\/image\/"}}]}},"_links":{"self":[{"href":"https:\/\/blog.gsa-messgeraete.de\/es\/wp-json\/wp\/v2\/pages\/17174","targetHints":{"allow":["GET"]}}],"collection":[{"href":"https:\/\/blog.gsa-messgeraete.de\/es\/wp-json\/wp\/v2\/pages"}],"about":[{"href":"https:\/\/blog.gsa-messgeraete.de\/es\/wp-json\/wp\/v2\/types\/page"}],"author":[{"embeddable":true,"href":"https:\/\/blog.gsa-messgeraete.de\/es\/wp-json\/wp\/v2\/users\/1"}],"replies":[{"embeddable":true,"href":"https:\/\/blog.gsa-messgeraete.de\/es\/wp-json\/wp\/v2\/comments?post=17174"}],"version-history":[{"count":0,"href":"https:\/\/blog.gsa-messgeraete.de\/es\/wp-json\/wp\/v2\/pages\/17174\/revisions"}],"wp:attachment":[{"href":"https:\/\/blog.gsa-messgeraete.de\/es\/wp-json\/wp\/v2\/media?parent=17174"}],"curies":[{"name":"wp","href":"https:\/\/api.w.org\/{rel}","templated":true}]}}