{"id":17138,"date":"2016-12-15T13:17:47","date_gmt":"2016-12-15T12:17:47","guid":{"rendered":"https:\/\/blog.gsa-messgeraete.de\/a-propos-de-nous\/"},"modified":"2016-12-15T13:17:47","modified_gmt":"2016-12-15T12:17:47","slug":"a-propos-de-nous","status":"publish","type":"page","link":"https:\/\/blog.gsa-messgeraete.de\/fr\/a-propos-de-nous\/","title":{"rendered":"\u00c0 propos de nous"},"content":{"rendered":"<p><a href=\"https:\/\/www.gsa-messgeraete.de\/Startseite_1\">GSA Messger\u00e4tebau GmbH<\/a> a \u00e9t\u00e9 fond\u00e9e en 1991 \u00e0 Neuss et est g\u00e9r\u00e9e depuis 2015 \u00e0 Ratingen.<\/p>\n<p>Notre soci\u00e9t\u00e9 a jou\u00e9 un r\u00f4le important dans l&rsquo;\u00e9laboration de normes nationales et internationales relatives \u00e0 la m\u00e9trologie des poussi\u00e8res.<\/p>\n<p>Des d\u00e9cennies d&rsquo;exp\u00e9rience dans la mesure des polluants et l&rsquo;analyse des substances dangereuses nous ont permis de devenir un expert dans la fabrication d&rsquo;appareils de mesure sp\u00e9cialis\u00e9s pour les mesures sur le lieu de travail ainsi que pour les mesures des \u00e9missions et des immissions.<\/p>\n<p>Aujourd&rsquo;hui, pr\u00e8s <a href=\"https:\/\/www.gsa-messgeraete.de\/testimonials\">de 50% des entreprises du DAX<\/a> utilisent notre technologie de mesure avanc\u00e9e et appr\u00e9cient ses nombreuses possibilit\u00e9s d&rsquo;utilisation pour les mesures de polluants.<\/p>\n<p>Notre expertise est continuellement mise \u00e0 profit pour d\u00e9velopper des appareils de mesure modernes et efficaces, \u00e0 la fois fixes et mobiles, afin d&rsquo;am\u00e9liorer la sant\u00e9 et la s\u00e9curit\u00e9 au travail et la qualit\u00e9 de l&rsquo;habitat.<\/p>\n<p>Outre nos propres d\u00e9veloppements, nous fabriquons \u00e9galement des appareils de mesure sous licence pour les mesures sur le lieu de travail, qui ont \u00e9t\u00e9 d\u00e9velopp\u00e9s en collaboration avec l&rsquo;Institut f\u00fcr Arbeitsschutz der Deutsche Gesetzliche Unfallversicherung (DGUV).<\/p>\n<p>Gr\u00e2ce \u00e0 notre vaste exp\u00e9rience de terrain, nous mettons nos connaissances en pratique de mani\u00e8re cibl\u00e9e pour les utilisateurs. Nous fabriquons des \u00e9chantillonneurs et des syst\u00e8mes de support d&rsquo;\u00e9chantillons de haute qualit\u00e9 pour mesurer les poussi\u00e8res, les gaz et les vapeurs. <\/p>\n<p>Tous nos appareils de mesure de la pollution sont <a href=\"https:\/\/www.gsa-messgeraete.de\/Made-in-Germany_1\">fabriqu\u00e9s en Allemagne<\/a> et sont <a href=\"https:\/\/www.gsa-messgeraete.de\/tuev-certificate\">certifi\u00e9s T\u00dcV<\/a> selon la norme ISO 9001:2015.<\/p>\n<p>Nos appareils de mesure GSA offrent des avantages suppl\u00e9mentaires tels que :<\/p>\n<ul>\n<li>Design compact<\/li>\n<li>Poids l\u00e9ger<\/li>\n<li>Haute s\u00e9curit\u00e9 de fonctionnement<\/li>\n<\/ul>\n<p><a href=\"https:\/\/www.gsa-messgeraete.de\/Startseite_1\">GSA Messger\u00e4tebau GmbH<\/a> op\u00e8re sur le m\u00eame site que <a href=\"https:\/\/www.gsa-ratingen.de\/en\/\">GSA Gesellschaft f\u00fcr Schadstoffanalytik mbH<\/a>, qui dispose de 30 ans d&rsquo;exp\u00e9rience dans le conseil et l&rsquo;\u00e9chantillonnage de mat\u00e9riaux suspects de contenir des polluants, ainsi que dans l&rsquo;analyse de polluants tels que l&rsquo;amiante, les fibres inorganiques et les poussi\u00e8res.<\/p>\n<p><img loading=\"lazy\" decoding=\"async\" class=\"alignnone wp-image-8905 size-large\" src=\"https:\/\/blog.gsa-messgeraete.de\/wp-content\/uploads\/2024\/10\/GSA-schadstoffexperten-2024-1024x576.png\" alt=\"\" width=\"1024\" height=\"576\" srcset=\"https:\/\/blog.gsa-messgeraete.de\/wp-content\/uploads\/2024\/10\/GSA-schadstoffexperten-2024-1024x576.png 1024w, https:\/\/blog.gsa-messgeraete.de\/wp-content\/uploads\/2024\/10\/GSA-schadstoffexperten-2024-300x169.png 300w, https:\/\/blog.gsa-messgeraete.de\/wp-content\/uploads\/2024\/10\/GSA-schadstoffexperten-2024-768x432.png 768w, https:\/\/blog.gsa-messgeraete.de\/wp-content\/uploads\/2024\/10\/GSA-schadstoffexperten-2024.png 1280w\" sizes=\"auto, (max-width: 1024px) 100vw, 1024px\" \/><\/p>\n<p>Pour plus d&rsquo;informations sur nous, nos r\u00e9f\u00e9rences et nos produits, consultez notre <a href=\"https:\/\/www.gsa-messgeraete.de\/Startseite_1\">boutique en ligne<\/a>.<\/p>\n","protected":false},"excerpt":{"rendered":"<p>GSA Messger\u00e4tebau GmbH a \u00e9t\u00e9 fond\u00e9e en 1991 \u00e0 Neuss et est g\u00e9r\u00e9e depuis 2015 \u00e0 Ratingen. Notre soci\u00e9t\u00e9 a jou\u00e9 un r\u00f4le important dans l&rsquo;\u00e9laboration de normes nationales et internationales relatives \u00e0 la m\u00e9trologie des poussi\u00e8res. Des d\u00e9cennies d&rsquo;exp\u00e9rience dans la mesure des polluants et l&rsquo;analyse des substances dangereuses nous ont permis de devenir &#8230; <a title=\"\u00c0 propos de nous\" class=\"read-more\" href=\"https:\/\/blog.gsa-messgeraete.de\/fr\/a-propos-de-nous\/\" aria-label=\"En savoir plus sur \u00c0 propos de nous\">Lire la suite<\/a><\/p>\n","protected":false},"author":1,"featured_media":0,"parent":0,"menu_order":0,"comment_status":"closed","ping_status":"closed","template":"","meta":{"_exactmetrics_skip_tracking":false,"_exactmetrics_sitenote_active":false,"_exactmetrics_sitenote_note":"","_exactmetrics_sitenote_category":0,"footnotes":""},"class_list":["post-17138","page","type-page","status-publish"],"yoast_head":"<!-- This site is optimized with the Yoast SEO plugin v27.2 - https:\/\/yoast.com\/product\/yoast-seo-wordpress\/ -->\n<title>\u00c0 propos de nous - blog.gsa-messgeraete.de<\/title>\n<meta name=\"robots\" content=\"index, follow, max-snippet:-1, max-image-preview:large, max-video-preview:-1\" \/>\n<link rel=\"canonical\" href=\"https:\/\/blog.gsa-messgeraete.de\/fr\/a-propos-de-nous\/\" \/>\n<meta property=\"og:locale\" content=\"fr_FR\" \/>\n<meta property=\"og:type\" content=\"article\" \/>\n<meta property=\"og:title\" content=\"\u00c0 propos de nous - blog.gsa-messgeraete.de\" \/>\n<meta property=\"og:description\" content=\"GSA Messger\u00e4tebau GmbH a \u00e9t\u00e9 fond\u00e9e en 1991 \u00e0 Neuss et est g\u00e9r\u00e9e depuis 2015 \u00e0 Ratingen. Notre soci\u00e9t\u00e9 a jou\u00e9 un r\u00f4le important dans l&rsquo;\u00e9laboration de normes nationales et internationales relatives \u00e0 la m\u00e9trologie des poussi\u00e8res. Des d\u00e9cennies d&rsquo;exp\u00e9rience dans la mesure des polluants et l&rsquo;analyse des substances dangereuses nous ont permis de devenir ... Lire la suite\" \/>\n<meta property=\"og:url\" content=\"https:\/\/blog.gsa-messgeraete.de\/fr\/a-propos-de-nous\/\" \/>\n<meta property=\"og:site_name\" content=\"blog.gsa-messgeraete.de\" \/>\n<meta property=\"og:image\" content=\"https:\/\/blog.gsa-messgeraete.de\/wp-content\/uploads\/2024\/10\/GSA-schadstoffexperten-2024-1024x576.png\" \/>\n<meta name=\"twitter:card\" content=\"summary_large_image\" \/>\n<meta name=\"twitter:label1\" content=\"Dur\u00e9e de lecture estim\u00e9e\" \/>\n\t<meta name=\"twitter:data1\" content=\"2 minutes\" \/>\n<script type=\"application\/ld+json\" class=\"yoast-schema-graph\">{\"@context\":\"https:\/\/schema.org\",\"@graph\":[{\"@type\":\"WebPage\",\"@id\":\"https:\/\/blog.gsa-messgeraete.de\/fr\/a-propos-de-nous\/\",\"url\":\"https:\/\/blog.gsa-messgeraete.de\/fr\/a-propos-de-nous\/\",\"name\":\"\u00c0 propos de nous - blog.gsa-messgeraete.de\",\"isPartOf\":{\"@id\":\"https:\/\/blog.gsa-messgeraete.de\/fr\/#website\"},\"primaryImageOfPage\":{\"@id\":\"https:\/\/blog.gsa-messgeraete.de\/fr\/a-propos-de-nous\/#primaryimage\"},\"image\":{\"@id\":\"https:\/\/blog.gsa-messgeraete.de\/fr\/a-propos-de-nous\/#primaryimage\"},\"thumbnailUrl\":\"https:\/\/blog.gsa-messgeraete.de\/wp-content\/uploads\/2024\/10\/GSA-schadstoffexperten-2024-1024x576.png\",\"datePublished\":\"2016-12-15T12:17:47+00:00\",\"breadcrumb\":{\"@id\":\"https:\/\/blog.gsa-messgeraete.de\/fr\/a-propos-de-nous\/#breadcrumb\"},\"inLanguage\":\"fr-FR\",\"potentialAction\":[{\"@type\":\"ReadAction\",\"target\":[\"https:\/\/blog.gsa-messgeraete.de\/fr\/a-propos-de-nous\/\"]}]},{\"@type\":\"ImageObject\",\"inLanguage\":\"fr-FR\",\"@id\":\"https:\/\/blog.gsa-messgeraete.de\/fr\/a-propos-de-nous\/#primaryimage\",\"url\":\"https:\/\/blog.gsa-messgeraete.de\/wp-content\/uploads\/2024\/10\/GSA-schadstoffexperten-2024-1024x576.png\",\"contentUrl\":\"https:\/\/blog.gsa-messgeraete.de\/wp-content\/uploads\/2024\/10\/GSA-schadstoffexperten-2024-1024x576.png\"},{\"@type\":\"BreadcrumbList\",\"@id\":\"https:\/\/blog.gsa-messgeraete.de\/fr\/a-propos-de-nous\/#breadcrumb\",\"itemListElement\":[{\"@type\":\"ListItem\",\"position\":1,\"name\":\"Startseite\",\"item\":\"https:\/\/blog.gsa-messgeraete.de\/fr\/\"},{\"@type\":\"ListItem\",\"position\":2,\"name\":\"\u00c0 propos de nous\"}]},{\"@type\":\"WebSite\",\"@id\":\"https:\/\/blog.gsa-messgeraete.de\/fr\/#website\",\"url\":\"https:\/\/blog.gsa-messgeraete.de\/fr\/\",\"name\":\"blog.gsa-messgeraete.de\",\"description\":\"\",\"publisher\":{\"@id\":\"https:\/\/blog.gsa-messgeraete.de\/fr\/#organization\"},\"potentialAction\":[{\"@type\":\"SearchAction\",\"target\":{\"@type\":\"EntryPoint\",\"urlTemplate\":\"https:\/\/blog.gsa-messgeraete.de\/fr\/?s={search_term_string}\"},\"query-input\":{\"@type\":\"PropertyValueSpecification\",\"valueRequired\":true,\"valueName\":\"search_term_string\"}}],\"inLanguage\":\"fr-FR\"},{\"@type\":\"Organization\",\"@id\":\"https:\/\/blog.gsa-messgeraete.de\/fr\/#organization\",\"name\":\"GSA Messger\u00e4tebau GmbH\",\"url\":\"https:\/\/blog.gsa-messgeraete.de\/fr\/\",\"logo\":{\"@type\":\"ImageObject\",\"inLanguage\":\"fr-FR\",\"@id\":\"https:\/\/blog.gsa-messgeraete.de\/fr\/#\/schema\/logo\/image\/\",\"url\":\"https:\/\/blog.gsa-messgeraete.de\/wp-content\/uploads\/2016\/12\/cropped-Logo-GSA-Messgeraete-1.jpg\",\"contentUrl\":\"https:\/\/blog.gsa-messgeraete.de\/wp-content\/uploads\/2016\/12\/cropped-Logo-GSA-Messgeraete-1.jpg\",\"width\":350,\"height\":164,\"caption\":\"GSA Messger\u00e4tebau GmbH\"},\"image\":{\"@id\":\"https:\/\/blog.gsa-messgeraete.de\/fr\/#\/schema\/logo\/image\/\"}}]}<\/script>\n<!-- \/ Yoast SEO plugin. -->","yoast_head_json":{"title":"\u00c0 propos de nous - blog.gsa-messgeraete.de","robots":{"index":"index","follow":"follow","max-snippet":"max-snippet:-1","max-image-preview":"max-image-preview:large","max-video-preview":"max-video-preview:-1"},"canonical":"https:\/\/blog.gsa-messgeraete.de\/fr\/a-propos-de-nous\/","og_locale":"fr_FR","og_type":"article","og_title":"\u00c0 propos de nous - blog.gsa-messgeraete.de","og_description":"GSA Messger\u00e4tebau GmbH a \u00e9t\u00e9 fond\u00e9e en 1991 \u00e0 Neuss et est g\u00e9r\u00e9e depuis 2015 \u00e0 Ratingen. Notre soci\u00e9t\u00e9 a jou\u00e9 un r\u00f4le important dans l&rsquo;\u00e9laboration de normes nationales et internationales relatives \u00e0 la m\u00e9trologie des poussi\u00e8res. Des d\u00e9cennies d&rsquo;exp\u00e9rience dans la mesure des polluants et l&rsquo;analyse des substances dangereuses nous ont permis de devenir ... Lire la suite","og_url":"https:\/\/blog.gsa-messgeraete.de\/fr\/a-propos-de-nous\/","og_site_name":"blog.gsa-messgeraete.de","og_image":[{"url":"https:\/\/blog.gsa-messgeraete.de\/wp-content\/uploads\/2024\/10\/GSA-schadstoffexperten-2024-1024x576.png","type":"","width":"","height":""}],"twitter_card":"summary_large_image","twitter_misc":{"Dur\u00e9e de lecture estim\u00e9e":"2 minutes"},"schema":{"@context":"https:\/\/schema.org","@graph":[{"@type":"WebPage","@id":"https:\/\/blog.gsa-messgeraete.de\/fr\/a-propos-de-nous\/","url":"https:\/\/blog.gsa-messgeraete.de\/fr\/a-propos-de-nous\/","name":"\u00c0 propos de nous - blog.gsa-messgeraete.de","isPartOf":{"@id":"https:\/\/blog.gsa-messgeraete.de\/fr\/#website"},"primaryImageOfPage":{"@id":"https:\/\/blog.gsa-messgeraete.de\/fr\/a-propos-de-nous\/#primaryimage"},"image":{"@id":"https:\/\/blog.gsa-messgeraete.de\/fr\/a-propos-de-nous\/#primaryimage"},"thumbnailUrl":"https:\/\/blog.gsa-messgeraete.de\/wp-content\/uploads\/2024\/10\/GSA-schadstoffexperten-2024-1024x576.png","datePublished":"2016-12-15T12:17:47+00:00","breadcrumb":{"@id":"https:\/\/blog.gsa-messgeraete.de\/fr\/a-propos-de-nous\/#breadcrumb"},"inLanguage":"fr-FR","potentialAction":[{"@type":"ReadAction","target":["https:\/\/blog.gsa-messgeraete.de\/fr\/a-propos-de-nous\/"]}]},{"@type":"ImageObject","inLanguage":"fr-FR","@id":"https:\/\/blog.gsa-messgeraete.de\/fr\/a-propos-de-nous\/#primaryimage","url":"https:\/\/blog.gsa-messgeraete.de\/wp-content\/uploads\/2024\/10\/GSA-schadstoffexperten-2024-1024x576.png","contentUrl":"https:\/\/blog.gsa-messgeraete.de\/wp-content\/uploads\/2024\/10\/GSA-schadstoffexperten-2024-1024x576.png"},{"@type":"BreadcrumbList","@id":"https:\/\/blog.gsa-messgeraete.de\/fr\/a-propos-de-nous\/#breadcrumb","itemListElement":[{"@type":"ListItem","position":1,"name":"Startseite","item":"https:\/\/blog.gsa-messgeraete.de\/fr\/"},{"@type":"ListItem","position":2,"name":"\u00c0 propos de nous"}]},{"@type":"WebSite","@id":"https:\/\/blog.gsa-messgeraete.de\/fr\/#website","url":"https:\/\/blog.gsa-messgeraete.de\/fr\/","name":"blog.gsa-messgeraete.de","description":"","publisher":{"@id":"https:\/\/blog.gsa-messgeraete.de\/fr\/#organization"},"potentialAction":[{"@type":"SearchAction","target":{"@type":"EntryPoint","urlTemplate":"https:\/\/blog.gsa-messgeraete.de\/fr\/?s={search_term_string}"},"query-input":{"@type":"PropertyValueSpecification","valueRequired":true,"valueName":"search_term_string"}}],"inLanguage":"fr-FR"},{"@type":"Organization","@id":"https:\/\/blog.gsa-messgeraete.de\/fr\/#organization","name":"GSA Messger\u00e4tebau GmbH","url":"https:\/\/blog.gsa-messgeraete.de\/fr\/","logo":{"@type":"ImageObject","inLanguage":"fr-FR","@id":"https:\/\/blog.gsa-messgeraete.de\/fr\/#\/schema\/logo\/image\/","url":"https:\/\/blog.gsa-messgeraete.de\/wp-content\/uploads\/2016\/12\/cropped-Logo-GSA-Messgeraete-1.jpg","contentUrl":"https:\/\/blog.gsa-messgeraete.de\/wp-content\/uploads\/2016\/12\/cropped-Logo-GSA-Messgeraete-1.jpg","width":350,"height":164,"caption":"GSA Messger\u00e4tebau GmbH"},"image":{"@id":"https:\/\/blog.gsa-messgeraete.de\/fr\/#\/schema\/logo\/image\/"}}]}},"_links":{"self":[{"href":"https:\/\/blog.gsa-messgeraete.de\/fr\/wp-json\/wp\/v2\/pages\/17138","targetHints":{"allow":["GET"]}}],"collection":[{"href":"https:\/\/blog.gsa-messgeraete.de\/fr\/wp-json\/wp\/v2\/pages"}],"about":[{"href":"https:\/\/blog.gsa-messgeraete.de\/fr\/wp-json\/wp\/v2\/types\/page"}],"author":[{"embeddable":true,"href":"https:\/\/blog.gsa-messgeraete.de\/fr\/wp-json\/wp\/v2\/users\/1"}],"replies":[{"embeddable":true,"href":"https:\/\/blog.gsa-messgeraete.de\/fr\/wp-json\/wp\/v2\/comments?post=17138"}],"version-history":[{"count":0,"href":"https:\/\/blog.gsa-messgeraete.de\/fr\/wp-json\/wp\/v2\/pages\/17138\/revisions"}],"wp:attachment":[{"href":"https:\/\/blog.gsa-messgeraete.de\/fr\/wp-json\/wp\/v2\/media?parent=17138"}],"curies":[{"name":"wp","href":"https:\/\/api.w.org\/{rel}","templated":true}]}}