{"id":17140,"date":"2016-12-15T13:28:25","date_gmt":"2016-12-15T12:28:25","guid":{"rendered":"https:\/\/blog.gsa-messgeraete.de\/vers-la-boutique-en-ligne\/"},"modified":"2016-12-15T13:28:25","modified_gmt":"2016-12-15T12:28:25","slug":"vers-la-boutique-en-ligne","status":"publish","type":"page","link":"https:\/\/blog.gsa-messgeraete.de\/fr\/vers-la-boutique-en-ligne\/","title":{"rendered":"Vers la boutique en ligne"},"content":{"rendered":"<p>Depuis 2015, nous avons mis en place une boutique en ligne sur notre site Internet. Vous y trouverez diff\u00e9rents appareils de mesure ainsi que leurs accessoires. Notre vaste gamme couvre des domaines tels que les mesures de poussi\u00e8res E\/A, les mesures des fibres, les \u00e9chantillons d&rsquo;amiante et les mesures de gaz sur le lieu de travail. Nous vous aidons ainsi \u00e0 optimiser la sant\u00e9 et la s\u00e9curit\u00e9 au travail dans votre entreprise. Vous y trouverez \u00e9galement des informations sur les diff\u00e9rents appareils et des offres de conseil. Consultez notre <a href=\"https:\/\/www.gsa-messgeraete.de\/contact\">formulaire de contact<\/a>.     <\/p>\n<p><a href=\"https:\/\/www.gsa-messgeraete.de\/Startseite_1\"><img loading=\"lazy\" decoding=\"async\" class=\"alignnone wp-image-55\" src=\"https:\/\/blog.gsa-messgeraete.de\/wp-content\/uploads\/2016\/12\/GSA-Messgeraete-1-1024x679.jpg\" alt=\"\" width=\"438\" height=\"291\" srcset=\"https:\/\/blog.gsa-messgeraete.de\/wp-content\/uploads\/2016\/12\/GSA-Messgeraete-1-1024x679.jpg 1024w, https:\/\/blog.gsa-messgeraete.de\/wp-content\/uploads\/2016\/12\/GSA-Messgeraete-1-300x199.jpg 300w, https:\/\/blog.gsa-messgeraete.de\/wp-content\/uploads\/2016\/12\/GSA-Messgeraete-1-768x510.jpg 768w, https:\/\/blog.gsa-messgeraete.de\/wp-content\/uploads\/2016\/12\/GSA-Messgeraete-1.jpg 1899w\" sizes=\"auto, (max-width: 438px) 100vw, 438px\" \/><\/a><\/p>\n<p><strong>-&gt;<\/strong> <a href=\"https:\/\/www.gsa-messgeraete.de\/Startseite_1\">Vers la boutique en ligne de GSA Messger\u00e4tebau GmbH<\/a><\/p>\n","protected":false},"excerpt":{"rendered":"<p>Depuis 2015, nous avons mis en place une boutique en ligne sur notre site Internet. Vous y trouverez diff\u00e9rents appareils de mesure ainsi que leurs accessoires. Notre vaste gamme couvre des domaines tels que les mesures de poussi\u00e8res E\/A, les mesures des fibres, les \u00e9chantillons d&rsquo;amiante et les mesures de gaz sur le lieu de &#8230; <a title=\"Vers la boutique en ligne\" class=\"read-more\" href=\"https:\/\/blog.gsa-messgeraete.de\/fr\/vers-la-boutique-en-ligne\/\" aria-label=\"En savoir plus sur Vers la boutique en ligne\">Lire la suite<\/a><\/p>\n","protected":false},"author":1,"featured_media":0,"parent":0,"menu_order":0,"comment_status":"closed","ping_status":"closed","template":"","meta":{"_exactmetrics_skip_tracking":false,"_exactmetrics_sitenote_active":false,"_exactmetrics_sitenote_note":"","_exactmetrics_sitenote_category":0,"footnotes":""},"class_list":["post-17140","page","type-page","status-publish"],"yoast_head":"<!-- This site is optimized with the Yoast SEO plugin v27.2 - https:\/\/yoast.com\/product\/yoast-seo-wordpress\/ -->\n<title>Vers la boutique en ligne - blog.gsa-messgeraete.de<\/title>\n<meta name=\"robots\" content=\"index, follow, max-snippet:-1, max-image-preview:large, max-video-preview:-1\" \/>\n<link rel=\"canonical\" href=\"https:\/\/blog.gsa-messgeraete.de\/fr\/vers-la-boutique-en-ligne\/\" \/>\n<meta property=\"og:locale\" content=\"fr_FR\" \/>\n<meta property=\"og:type\" content=\"article\" \/>\n<meta property=\"og:title\" content=\"Vers la boutique en ligne - blog.gsa-messgeraete.de\" \/>\n<meta property=\"og:description\" content=\"Depuis 2015, nous avons mis en place une boutique en ligne sur notre site Internet. Vous y trouverez diff\u00e9rents appareils de mesure ainsi que leurs accessoires. Notre vaste gamme couvre des domaines tels que les mesures de poussi\u00e8res E\/A, les mesures des fibres, les \u00e9chantillons d&rsquo;amiante et les mesures de gaz sur le lieu de ... Lire la suite\" \/>\n<meta property=\"og:url\" content=\"https:\/\/blog.gsa-messgeraete.de\/fr\/vers-la-boutique-en-ligne\/\" \/>\n<meta property=\"og:site_name\" content=\"blog.gsa-messgeraete.de\" \/>\n<meta property=\"og:image\" content=\"https:\/\/blog.gsa-messgeraete.de\/wp-content\/uploads\/2016\/12\/GSA-Messgeraete-1-1024x679.jpg\" \/>\n<meta name=\"twitter:card\" content=\"summary_large_image\" \/>\n<meta name=\"twitter:label1\" content=\"Dur\u00e9e de lecture estim\u00e9e\" \/>\n\t<meta name=\"twitter:data1\" content=\"1 minute\" \/>\n<script type=\"application\/ld+json\" class=\"yoast-schema-graph\">{\"@context\":\"https:\/\/schema.org\",\"@graph\":[{\"@type\":\"WebPage\",\"@id\":\"https:\/\/blog.gsa-messgeraete.de\/fr\/vers-la-boutique-en-ligne\/\",\"url\":\"https:\/\/blog.gsa-messgeraete.de\/fr\/vers-la-boutique-en-ligne\/\",\"name\":\"Vers la boutique en ligne - blog.gsa-messgeraete.de\",\"isPartOf\":{\"@id\":\"https:\/\/blog.gsa-messgeraete.de\/fr\/#website\"},\"primaryImageOfPage\":{\"@id\":\"https:\/\/blog.gsa-messgeraete.de\/fr\/vers-la-boutique-en-ligne\/#primaryimage\"},\"image\":{\"@id\":\"https:\/\/blog.gsa-messgeraete.de\/fr\/vers-la-boutique-en-ligne\/#primaryimage\"},\"thumbnailUrl\":\"https:\/\/blog.gsa-messgeraete.de\/wp-content\/uploads\/2016\/12\/GSA-Messgeraete-1-1024x679.jpg\",\"datePublished\":\"2016-12-15T12:28:25+00:00\",\"breadcrumb\":{\"@id\":\"https:\/\/blog.gsa-messgeraete.de\/fr\/vers-la-boutique-en-ligne\/#breadcrumb\"},\"inLanguage\":\"fr-FR\",\"potentialAction\":[{\"@type\":\"ReadAction\",\"target\":[\"https:\/\/blog.gsa-messgeraete.de\/fr\/vers-la-boutique-en-ligne\/\"]}]},{\"@type\":\"ImageObject\",\"inLanguage\":\"fr-FR\",\"@id\":\"https:\/\/blog.gsa-messgeraete.de\/fr\/vers-la-boutique-en-ligne\/#primaryimage\",\"url\":\"https:\/\/blog.gsa-messgeraete.de\/wp-content\/uploads\/2016\/12\/GSA-Messgeraete-1-1024x679.jpg\",\"contentUrl\":\"https:\/\/blog.gsa-messgeraete.de\/wp-content\/uploads\/2016\/12\/GSA-Messgeraete-1-1024x679.jpg\"},{\"@type\":\"BreadcrumbList\",\"@id\":\"https:\/\/blog.gsa-messgeraete.de\/fr\/vers-la-boutique-en-ligne\/#breadcrumb\",\"itemListElement\":[{\"@type\":\"ListItem\",\"position\":1,\"name\":\"Startseite\",\"item\":\"https:\/\/blog.gsa-messgeraete.de\/fr\/\"},{\"@type\":\"ListItem\",\"position\":2,\"name\":\"Vers la boutique en ligne\"}]},{\"@type\":\"WebSite\",\"@id\":\"https:\/\/blog.gsa-messgeraete.de\/fr\/#website\",\"url\":\"https:\/\/blog.gsa-messgeraete.de\/fr\/\",\"name\":\"blog.gsa-messgeraete.de\",\"description\":\"\",\"publisher\":{\"@id\":\"https:\/\/blog.gsa-messgeraete.de\/fr\/#organization\"},\"potentialAction\":[{\"@type\":\"SearchAction\",\"target\":{\"@type\":\"EntryPoint\",\"urlTemplate\":\"https:\/\/blog.gsa-messgeraete.de\/fr\/?s={search_term_string}\"},\"query-input\":{\"@type\":\"PropertyValueSpecification\",\"valueRequired\":true,\"valueName\":\"search_term_string\"}}],\"inLanguage\":\"fr-FR\"},{\"@type\":\"Organization\",\"@id\":\"https:\/\/blog.gsa-messgeraete.de\/fr\/#organization\",\"name\":\"GSA Messger\u00e4tebau GmbH\",\"url\":\"https:\/\/blog.gsa-messgeraete.de\/fr\/\",\"logo\":{\"@type\":\"ImageObject\",\"inLanguage\":\"fr-FR\",\"@id\":\"https:\/\/blog.gsa-messgeraete.de\/fr\/#\/schema\/logo\/image\/\",\"url\":\"https:\/\/blog.gsa-messgeraete.de\/wp-content\/uploads\/2016\/12\/cropped-Logo-GSA-Messgeraete-1.jpg\",\"contentUrl\":\"https:\/\/blog.gsa-messgeraete.de\/wp-content\/uploads\/2016\/12\/cropped-Logo-GSA-Messgeraete-1.jpg\",\"width\":350,\"height\":164,\"caption\":\"GSA Messger\u00e4tebau GmbH\"},\"image\":{\"@id\":\"https:\/\/blog.gsa-messgeraete.de\/fr\/#\/schema\/logo\/image\/\"}}]}<\/script>\n<!-- \/ Yoast SEO plugin. -->","yoast_head_json":{"title":"Vers la boutique en ligne - blog.gsa-messgeraete.de","robots":{"index":"index","follow":"follow","max-snippet":"max-snippet:-1","max-image-preview":"max-image-preview:large","max-video-preview":"max-video-preview:-1"},"canonical":"https:\/\/blog.gsa-messgeraete.de\/fr\/vers-la-boutique-en-ligne\/","og_locale":"fr_FR","og_type":"article","og_title":"Vers la boutique en ligne - blog.gsa-messgeraete.de","og_description":"Depuis 2015, nous avons mis en place une boutique en ligne sur notre site Internet. Vous y trouverez diff\u00e9rents appareils de mesure ainsi que leurs accessoires. Notre vaste gamme couvre des domaines tels que les mesures de poussi\u00e8res E\/A, les mesures des fibres, les \u00e9chantillons d&rsquo;amiante et les mesures de gaz sur le lieu de ... Lire la suite","og_url":"https:\/\/blog.gsa-messgeraete.de\/fr\/vers-la-boutique-en-ligne\/","og_site_name":"blog.gsa-messgeraete.de","og_image":[{"url":"https:\/\/blog.gsa-messgeraete.de\/wp-content\/uploads\/2016\/12\/GSA-Messgeraete-1-1024x679.jpg","type":"","width":"","height":""}],"twitter_card":"summary_large_image","twitter_misc":{"Dur\u00e9e de lecture estim\u00e9e":"1 minute"},"schema":{"@context":"https:\/\/schema.org","@graph":[{"@type":"WebPage","@id":"https:\/\/blog.gsa-messgeraete.de\/fr\/vers-la-boutique-en-ligne\/","url":"https:\/\/blog.gsa-messgeraete.de\/fr\/vers-la-boutique-en-ligne\/","name":"Vers la boutique en ligne - blog.gsa-messgeraete.de","isPartOf":{"@id":"https:\/\/blog.gsa-messgeraete.de\/fr\/#website"},"primaryImageOfPage":{"@id":"https:\/\/blog.gsa-messgeraete.de\/fr\/vers-la-boutique-en-ligne\/#primaryimage"},"image":{"@id":"https:\/\/blog.gsa-messgeraete.de\/fr\/vers-la-boutique-en-ligne\/#primaryimage"},"thumbnailUrl":"https:\/\/blog.gsa-messgeraete.de\/wp-content\/uploads\/2016\/12\/GSA-Messgeraete-1-1024x679.jpg","datePublished":"2016-12-15T12:28:25+00:00","breadcrumb":{"@id":"https:\/\/blog.gsa-messgeraete.de\/fr\/vers-la-boutique-en-ligne\/#breadcrumb"},"inLanguage":"fr-FR","potentialAction":[{"@type":"ReadAction","target":["https:\/\/blog.gsa-messgeraete.de\/fr\/vers-la-boutique-en-ligne\/"]}]},{"@type":"ImageObject","inLanguage":"fr-FR","@id":"https:\/\/blog.gsa-messgeraete.de\/fr\/vers-la-boutique-en-ligne\/#primaryimage","url":"https:\/\/blog.gsa-messgeraete.de\/wp-content\/uploads\/2016\/12\/GSA-Messgeraete-1-1024x679.jpg","contentUrl":"https:\/\/blog.gsa-messgeraete.de\/wp-content\/uploads\/2016\/12\/GSA-Messgeraete-1-1024x679.jpg"},{"@type":"BreadcrumbList","@id":"https:\/\/blog.gsa-messgeraete.de\/fr\/vers-la-boutique-en-ligne\/#breadcrumb","itemListElement":[{"@type":"ListItem","position":1,"name":"Startseite","item":"https:\/\/blog.gsa-messgeraete.de\/fr\/"},{"@type":"ListItem","position":2,"name":"Vers la boutique en ligne"}]},{"@type":"WebSite","@id":"https:\/\/blog.gsa-messgeraete.de\/fr\/#website","url":"https:\/\/blog.gsa-messgeraete.de\/fr\/","name":"blog.gsa-messgeraete.de","description":"","publisher":{"@id":"https:\/\/blog.gsa-messgeraete.de\/fr\/#organization"},"potentialAction":[{"@type":"SearchAction","target":{"@type":"EntryPoint","urlTemplate":"https:\/\/blog.gsa-messgeraete.de\/fr\/?s={search_term_string}"},"query-input":{"@type":"PropertyValueSpecification","valueRequired":true,"valueName":"search_term_string"}}],"inLanguage":"fr-FR"},{"@type":"Organization","@id":"https:\/\/blog.gsa-messgeraete.de\/fr\/#organization","name":"GSA Messger\u00e4tebau GmbH","url":"https:\/\/blog.gsa-messgeraete.de\/fr\/","logo":{"@type":"ImageObject","inLanguage":"fr-FR","@id":"https:\/\/blog.gsa-messgeraete.de\/fr\/#\/schema\/logo\/image\/","url":"https:\/\/blog.gsa-messgeraete.de\/wp-content\/uploads\/2016\/12\/cropped-Logo-GSA-Messgeraete-1.jpg","contentUrl":"https:\/\/blog.gsa-messgeraete.de\/wp-content\/uploads\/2016\/12\/cropped-Logo-GSA-Messgeraete-1.jpg","width":350,"height":164,"caption":"GSA Messger\u00e4tebau GmbH"},"image":{"@id":"https:\/\/blog.gsa-messgeraete.de\/fr\/#\/schema\/logo\/image\/"}}]}},"_links":{"self":[{"href":"https:\/\/blog.gsa-messgeraete.de\/fr\/wp-json\/wp\/v2\/pages\/17140","targetHints":{"allow":["GET"]}}],"collection":[{"href":"https:\/\/blog.gsa-messgeraete.de\/fr\/wp-json\/wp\/v2\/pages"}],"about":[{"href":"https:\/\/blog.gsa-messgeraete.de\/fr\/wp-json\/wp\/v2\/types\/page"}],"author":[{"embeddable":true,"href":"https:\/\/blog.gsa-messgeraete.de\/fr\/wp-json\/wp\/v2\/users\/1"}],"replies":[{"embeddable":true,"href":"https:\/\/blog.gsa-messgeraete.de\/fr\/wp-json\/wp\/v2\/comments?post=17140"}],"version-history":[{"count":0,"href":"https:\/\/blog.gsa-messgeraete.de\/fr\/wp-json\/wp\/v2\/pages\/17140\/revisions"}],"wp:attachment":[{"href":"https:\/\/blog.gsa-messgeraete.de\/fr\/wp-json\/wp\/v2\/media?parent=17140"}],"curies":[{"name":"wp","href":"https:\/\/api.w.org\/{rel}","templated":true}]}}